{"id":678,"date":"2015-04-14T22:41:22","date_gmt":"2015-04-14T20:41:22","guid":{"rendered":"http:\/\/web1246.login-15.loginserver.ch\/wartung-support-2\/"},"modified":"2023-06-07T13:43:29","modified_gmt":"2023-06-07T11:43:29","slug":"maintenance-et-support","status":"publish","type":"page","link":"https:\/\/www.leu-anlagenbau.ch\/fr\/maintenance-et-support\/","title":{"rendered":"Maintenance et support"},"content":{"rendered":"<div class=\"wpb-content-wrapper\">[vc_row][vc_column][vc_column_text]        <div id=\"cptbc_236\" class=\"carousel slide\"  data-interval=\"5000\">\n\n                                <ol class=\"carousel-indicators\">\n                                            <li data-target=\"#cptbc_236\" data-slide-to=\"0\" class=\"active\"><\/li>\n                                            <li data-target=\"#cptbc_236\" data-slide-to=\"1\" ><\/li>\n                                            <li data-target=\"#cptbc_236\" data-slide-to=\"2\" ><\/li>\n                                        <\/ol>\n                \n            <div class=\"carousel-inner\">\n            \n                <div class=\"item active\" id=\"cptbc-item-46\" >\n                    <img decoding=\"async\" src=\"https:\/\/www.leu-anlagenbau.ch\/wp-content\/uploads\/2015\/04\/leu_anlagenbau_image_slideheader_portrait1.jpg\" class=\"attachment-full size-full wp-post-image\" alt=\"\" srcset=\"https:\/\/www.leu-anlagenbau.ch\/wp-content\/uploads\/2015\/04\/leu_anlagenbau_image_slideheader_portrait1.jpg 1500w, https:\/\/www.leu-anlagenbau.ch\/wp-content\/uploads\/2015\/04\/leu_anlagenbau_image_slideheader_portrait1-250x58.jpg 250w, https:\/\/www.leu-anlagenbau.ch\/wp-content\/uploads\/2015\/04\/leu_anlagenbau_image_slideheader_portrait1-700x163.jpg 700w, https:\/\/www.leu-anlagenbau.ch\/wp-content\/uploads\/2015\/04\/leu_anlagenbau_image_slideheader_portrait1-120x28.jpg 120w\" sizes=\"(max-width: 1500px) 100vw, 1500px\" \/><div class=\"carousel-caption\"><h4>Support &#8211; Slide 3<\/h4><\/div>                <\/div>\n            \n                <div class=\"item \" id=\"cptbc-item-343\" >\n                    <img decoding=\"async\" src=\"https:\/\/www.leu-anlagenbau.ch\/wp-content\/uploads\/2015\/05\/LEUAnlagenbau_Image_SlideHeader_WartungSupport_1.jpg\" class=\"attachment-full size-full wp-post-image\" alt=\"\" srcset=\"https:\/\/www.leu-anlagenbau.ch\/wp-content\/uploads\/2015\/05\/LEUAnlagenbau_Image_SlideHeader_WartungSupport_1.jpg 1500w, https:\/\/www.leu-anlagenbau.ch\/wp-content\/uploads\/2015\/05\/LEUAnlagenbau_Image_SlideHeader_WartungSupport_1-250x58.jpg 250w, https:\/\/www.leu-anlagenbau.ch\/wp-content\/uploads\/2015\/05\/LEUAnlagenbau_Image_SlideHeader_WartungSupport_1-700x163.jpg 700w, https:\/\/www.leu-anlagenbau.ch\/wp-content\/uploads\/2015\/05\/LEUAnlagenbau_Image_SlideHeader_WartungSupport_1-120x28.jpg 120w\" sizes=\"(max-width: 1500px) 100vw, 1500px\" \/><div class=\"carousel-caption\"><h4>Support &#8211; Slide 1<\/h4><\/div>                <\/div>\n            \n                <div class=\"item \" id=\"cptbc-item-167\" >\n                    <img decoding=\"async\" src=\"https:\/\/www.leu-anlagenbau.ch\/wp-content\/uploads\/2015\/04\/leu_anlagenbau_image_slideheader_wartungsupport21.jpg\" class=\"attachment-full size-full wp-post-image\" alt=\"\" srcset=\"https:\/\/www.leu-anlagenbau.ch\/wp-content\/uploads\/2015\/04\/leu_anlagenbau_image_slideheader_wartungsupport21.jpg 1500w, https:\/\/www.leu-anlagenbau.ch\/wp-content\/uploads\/2015\/04\/leu_anlagenbau_image_slideheader_wartungsupport21-250x58.jpg 250w, https:\/\/www.leu-anlagenbau.ch\/wp-content\/uploads\/2015\/04\/leu_anlagenbau_image_slideheader_wartungsupport21-700x163.jpg 700w, https:\/\/www.leu-anlagenbau.ch\/wp-content\/uploads\/2015\/04\/leu_anlagenbau_image_slideheader_wartungsupport21-120x28.jpg 120w\" sizes=\"(max-width: 1500px) 100vw, 1500px\" \/><div class=\"carousel-caption\"><h4>Support &#8211; Slide 2<\/h4><\/div>                <\/div>\n                        <\/div>\n\n                                <a class=\"left carousel-control\" href=\"#cptbc_236\" data-slide=\"prev\"><span class=\"glyphicon glyphicon-chevron-left\"><\/span><\/a>\n                    <a class=\"right carousel-control\" href=\"#cptbc_236\" data-slide=\"next\"><span class=\"glyphicon glyphicon-chevron-right\"><\/span><\/a>\n                \n        <\/div>\n\n                <script type=\"text\/javascript\">\n            jQuery(document).ready(function() {\n                jQuery('#cptbc_236').carousel({\n                    interval: 5000                });\n            });\n        <\/script>\n        [\/vc_column_text][\/vc_column][\/vc_row][vc_row][vc_column width=\u00a0\u00bb1\/6&Prime;][\/vc_column][vc_column width=\u00a0\u00bb2\/3&Prime;][vc_column_text][\/vc_column_text][vc_row_inner][vc_column_inner width=\u00a0\u00bb1\/2&Prime;][vc_column_text]\n<h2>Support t\u00e9l\u00e9phonique<\/h2>\n<p>En cas de probl\u00e8me, adressez-vous \u00e0 notre \u00e9quipe de sp\u00e9cialistes pour localiser et r\u00e9soudre d\u2019\u00e9ventuels probl\u00e8mes. Ces sp\u00e9cialistes vous r\u00e9pondront en fran\u00e7ais, en allemand et en anglais.<\/p>\n<p>07.00h-12.00h \/ 13.00h-17.00h<\/p>\n<p>Service:<br \/>\nTel. +41 33 346 50 01<br \/>\nEmail <a href=\"mailto:service@leu-anlagenbau.ch\">service@leu-anlagenbau.ch<\/a><\/p>\n<p><span class=\"HwtZe\" lang=\"fr\"><span class=\"jCAhz ChMk0b\"><span class=\"ryNqvb\">Questions g\u00e9n\u00e9rales<\/span><\/span><\/span>:<br \/>\nT\u00e9l. +41 33 346 50 00<br \/>\nEmail <a href=\"mailto:info@leu-anlagenbau.ch\">info@leu-anlagenbau.ch<\/a>[\/vc_column_text][\/vc_column_inner][vc_column_inner width=\u00a0\u00bb1\/2&Prime;][vc_column_text][\/vc_column_text][\/vc_column_inner][\/vc_row_inner][vc_separator][vc_row_inner][vc_column_inner width=\u00a0\u00bb1\/2&Prime;][vc_column_text]\n<h2>D\u00e9pannage rapide gr\u00e2ce \u00e0 la t\u00e9l\u00e9maintenance<\/h2>\n<p>Ce service permet d\u2019intervenir \u00e0 distance, de mani\u00e8re efficace et \u00e0 moindres frais sur la commande de la machine[\/vc_column_text][\/vc_column_inner][vc_column_inner width=\u00a0\u00bb1\/2&Prime;][vc_column_text]<img loading=\"lazy\" decoding=\"async\" width=\"640\" height=\"360\" class=\"img-responsive alignnone size-full wp-image-1290\" src=\"https:\/\/www.leu-anlagenbau.ch\/wp-content\/uploads\/2015\/07\/leu_anlagenbau_image_content_fernwartung3.jpg\" alt=\"leu_anlagenbau_image_content_fernwartung3\" srcset=\"https:\/\/www.leu-anlagenbau.ch\/wp-content\/uploads\/2015\/07\/leu_anlagenbau_image_content_fernwartung3.jpg 640w, https:\/\/www.leu-anlagenbau.ch\/wp-content\/uploads\/2015\/07\/leu_anlagenbau_image_content_fernwartung3-250x141.jpg 250w, https:\/\/www.leu-anlagenbau.ch\/wp-content\/uploads\/2015\/07\/leu_anlagenbau_image_content_fernwartung3-120x68.jpg 120w\" sizes=\"auto, (max-width: 640px) 100vw, 640px\" \/>[\/vc_column_text][\/vc_column_inner][\/vc_row_inner][vc_separator][vc_row_inner][vc_column_inner width=\u00a0\u00bb1\/2&Prime;][vc_column_text]\n<h2>Une urgence?<\/h2>\n<p>Nous faisons tout pour faire red\u00e9marrer le plus vite possible une machine tomb\u00e9e en panne en envoyant dans les plus brefs d\u00e9lais un v\u00e9hicule de d\u00e9pannage parfaitement \u00e9quip\u00e9.[\/vc_column_text][\/vc_column_inner][vc_column_inner width=\u00a0\u00bb1\/2&Prime;][vc_column_text]<img loading=\"lazy\" decoding=\"async\" width=\"640\" height=\"360\" class=\"img-responsive alignnone size-full wp-image-1295\" src=\"https:\/\/www.leu-anlagenbau.ch\/wp-content\/uploads\/2015\/07\/leu_anlagenbau_image_content_service8.jpg\" alt=\"leu_anlagenbau_image_content_service8\" srcset=\"https:\/\/www.leu-anlagenbau.ch\/wp-content\/uploads\/2015\/07\/leu_anlagenbau_image_content_service8.jpg 640w, https:\/\/www.leu-anlagenbau.ch\/wp-content\/uploads\/2015\/07\/leu_anlagenbau_image_content_service8-250x141.jpg 250w, https:\/\/www.leu-anlagenbau.ch\/wp-content\/uploads\/2015\/07\/leu_anlagenbau_image_content_service8-120x68.jpg 120w\" sizes=\"auto, (max-width: 640px) 100vw, 640px\" \/>[\/vc_column_text][\/vc_column_inner][\/vc_row_inner][vc_separator][vc_row_inner][vc_column_inner width=\u00a0\u00bb1\/2&Prime;][vc_column_text]\n<h2>Maintenance r\u00e9guli\u00e8re<\/h2>\n<p>La maintenance pr\u00e9ventive permet d\u2019augmenter de mani\u00e8re notoire la disponibilit\u00e9 de votre robot. Nous vous proposons de r\u00e9aliser p\u00e9riodiquement des contr\u00f4les fonctionnels de votre machine bas\u00e9s sur des check-lists pr\u00e9\u00e9tablies et de remplacer les pi\u00e8ces us\u00e9es afin que votre machine soit toujours en parfait \u00e9tat de fonctionnement.<\/p>\n<p><a href=\"\/fr\/contact\/?contactType=3#contactform\">Formulaire de contact<\/a>[\/vc_column_text][\/vc_column_inner][vc_column_inner width=\u00a0\u00bb1\/2&Prime;][vc_column_text]<a href=\"https:\/\/www.leu-anlagenbau.ch\/wp-content\/uploads\/2015\/07\/leu_anlagenbau_image_content_service2.jpg\"><img loading=\"lazy\" decoding=\"async\" width=\"640\" height=\"360\" class=\"img-responsive alignnone size-full wp-image-1300\" src=\"http:\/\/web1246.login-15.loginserver.ch\/wp-content\/uploads\/2015\/07\/leu_anlagenbau_image_content_service2.jpg\" alt=\"leu_anlagenbau_image_content_service2\" srcset=\"https:\/\/www.leu-anlagenbau.ch\/wp-content\/uploads\/2015\/07\/leu_anlagenbau_image_content_service2.jpg 640w, https:\/\/www.leu-anlagenbau.ch\/wp-content\/uploads\/2015\/07\/leu_anlagenbau_image_content_service2-250x141.jpg 250w, https:\/\/www.leu-anlagenbau.ch\/wp-content\/uploads\/2015\/07\/leu_anlagenbau_image_content_service2-120x68.jpg 120w\" sizes=\"auto, (max-width: 640px) 100vw, 640px\" \/>[\/vc_column_text][\/vc_column_inner][\/vc_row_inner][\/vc_column][vc_column width=\u00a0\u00bb1\/6&Prime;][\/vc_column][\/vc_row][vc_row][vc_column][vc_column_text]<\/a>[\/vc_column_text][\/vc_column][\/vc_row]\n<\/div>","protected":false},"excerpt":{"rendered":"[vc_row][vc_column][vc_column_text][\/vc_column_text][\/vc_column][\/vc_row][vc_row][vc_column width=\u00a0\u00bb1\/6&Prime;][\/vc_column][vc_column width=\u00a0\u00bb2\/3&Prime;][vc_column_text][\/vc_column_text][vc_row_inner][vc_column_inner width=\u00a0\u00bb1\/2&Prime;][vc_column_text] Support t\u00e9l\u00e9phonique En cas de probl\u00e8me, adressez-vous \u00e0 notre \u00e9quipe de sp\u00e9cialistes pour localiser et r\u00e9soudre d\u2019\u00e9ventuels probl\u00e8mes. Ces sp\u00e9cialistes vous r\u00e9pondront en fran\u00e7ais, en allemand et en anglais. 07.00h-12.00h \/ 13.00h-17.00h Service: Tel. +41 33 346 50 01 Email service@leu-anlagenbau.ch Questions g\u00e9n\u00e9rales: T\u00e9l. +41 33 346 50 00 Email info@leu-anlagenbau.ch[\/vc_column_text][\/vc_column_inner][vc_column_inner&#8230; <a class=\"view-article\" href=\"https:\/\/www.leu-anlagenbau.ch\/fr\/cptbc\/support-slide-3\/\">weiterlesen<\/a>","protected":false},"author":1,"featured_media":605,"parent":0,"menu_order":0,"comment_status":"open","ping_status":"open","template":"","meta":{"footnotes":""},"class_list":["post-678","page","type-page","status-publish","has-post-thumbnail","hentry"],"yoast_head":"<!-- This site is optimized with the Yoast SEO plugin v27.3 - https:\/\/yoast.com\/product\/yoast-seo-wordpress\/ -->\n<title>LEU Anlagenbau AG - Maintenance et support<\/title>\n<meta name=\"robots\" content=\"index, follow, max-snippet:-1, max-image-preview:large, max-video-preview:-1\" \/>\n<link rel=\"canonical\" href=\"https:\/\/www.leu-anlagenbau.ch\/fr\/maintenance-et-support\/\" \/>\n<meta property=\"og:locale\" content=\"fr_FR\" \/>\n<meta property=\"og:type\" content=\"article\" \/>\n<meta property=\"og:title\" content=\"LEU Anlagenbau AG - Maintenance et support\" \/>\n<meta property=\"og:description\" content=\"[vc_row][vc_column][vc_column_text][\/vc_column_text][\/vc_column][\/vc_row][vc_row][vc_column width=\u00a0\u00bb1\/6&Prime;][\/vc_column][vc_column width=\u00a0\u00bb2\/3&Prime;][vc_column_text][\/vc_column_text][vc_row_inner][vc_column_inner width=\u00a0\u00bb1\/2&Prime;][vc_column_text] Support t\u00e9l\u00e9phonique En cas de probl\u00e8me, adressez-vous \u00e0 notre \u00e9quipe de sp\u00e9cialistes pour localiser et r\u00e9soudre d\u2019\u00e9ventuels probl\u00e8mes. Ces sp\u00e9cialistes vous r\u00e9pondront en fran\u00e7ais, en allemand et en anglais. 07.00h-12.00h \/ 13.00h-17.00h Service: Tel. +41 33 346 50 01 Email service@leu-anlagenbau.ch Questions g\u00e9n\u00e9rales: T\u00e9l. +41 33 346 50 00 Email info@leu-anlagenbau.ch[\/vc_column_text][\/vc_column_inner][vc_column_inner... weiterlesen\" \/>\n<meta property=\"og:url\" content=\"https:\/\/www.leu-anlagenbau.ch\/fr\/maintenance-et-support\/\" \/>\n<meta property=\"og:site_name\" content=\"LEU Anlagenbau AG\" \/>\n<meta property=\"article:modified_time\" content=\"2023-06-07T11:43:29+00:00\" \/>\n<meta property=\"og:image\" content=\"https:\/\/www.leu-anlagenbau.ch\/wp-content\/uploads\/2015\/04\/leu_anlagenbau_content_wartungsupport_0000s_0000_wartungsupport1.jpg\" \/>\n\t<meta property=\"og:image:width\" content=\"640\" \/>\n\t<meta property=\"og:image:height\" content=\"360\" \/>\n\t<meta property=\"og:image:type\" content=\"image\/jpeg\" \/>\n<meta name=\"twitter:card\" content=\"summary_large_image\" \/>\n<meta name=\"twitter:label1\" content=\"Dur\u00e9e de lecture estim\u00e9e\" \/>\n\t<meta name=\"twitter:data1\" content=\"2 minutes\" \/>\n<script type=\"application\/ld+json\" class=\"yoast-schema-graph\">{\"@context\":\"https:\\\/\\\/schema.org\",\"@graph\":[{\"@type\":\"WebPage\",\"@id\":\"https:\\\/\\\/www.leu-anlagenbau.ch\\\/fr\\\/maintenance-et-support\\\/\",\"url\":\"https:\\\/\\\/www.leu-anlagenbau.ch\\\/fr\\\/maintenance-et-support\\\/\",\"name\":\"LEU Anlagenbau AG - Maintenance et support\",\"isPartOf\":{\"@id\":\"https:\\\/\\\/www.leu-anlagenbau.ch\\\/#website\"},\"primaryImageOfPage\":{\"@id\":\"https:\\\/\\\/www.leu-anlagenbau.ch\\\/fr\\\/maintenance-et-support\\\/#primaryimage\"},\"image\":{\"@id\":\"https:\\\/\\\/www.leu-anlagenbau.ch\\\/fr\\\/maintenance-et-support\\\/#primaryimage\"},\"thumbnailUrl\":\"https:\\\/\\\/www.leu-anlagenbau.ch\\\/wp-content\\\/uploads\\\/2015\\\/04\\\/leu_anlagenbau_content_wartungsupport_0000s_0000_wartungsupport1.jpg\",\"datePublished\":\"2015-04-14T20:41:22+00:00\",\"dateModified\":\"2023-06-07T11:43:29+00:00\",\"breadcrumb\":{\"@id\":\"https:\\\/\\\/www.leu-anlagenbau.ch\\\/fr\\\/maintenance-et-support\\\/#breadcrumb\"},\"inLanguage\":\"fr-FR\",\"potentialAction\":[{\"@type\":\"ReadAction\",\"target\":[\"https:\\\/\\\/www.leu-anlagenbau.ch\\\/fr\\\/maintenance-et-support\\\/\"]}]},{\"@type\":\"ImageObject\",\"inLanguage\":\"fr-FR\",\"@id\":\"https:\\\/\\\/www.leu-anlagenbau.ch\\\/fr\\\/maintenance-et-support\\\/#primaryimage\",\"url\":\"https:\\\/\\\/www.leu-anlagenbau.ch\\\/wp-content\\\/uploads\\\/2015\\\/04\\\/leu_anlagenbau_content_wartungsupport_0000s_0000_wartungsupport1.jpg\",\"contentUrl\":\"https:\\\/\\\/www.leu-anlagenbau.ch\\\/wp-content\\\/uploads\\\/2015\\\/04\\\/leu_anlagenbau_content_wartungsupport_0000s_0000_wartungsupport1.jpg\",\"width\":640,\"height\":360},{\"@type\":\"BreadcrumbList\",\"@id\":\"https:\\\/\\\/www.leu-anlagenbau.ch\\\/fr\\\/maintenance-et-support\\\/#breadcrumb\",\"itemListElement\":[{\"@type\":\"ListItem\",\"position\":1,\"name\":\"Home\",\"item\":\"https:\\\/\\\/www.leu-anlagenbau.ch\\\/fr\\\/\"},{\"@type\":\"ListItem\",\"position\":2,\"name\":\"Maintenance et support\"}]},{\"@type\":\"WebSite\",\"@id\":\"https:\\\/\\\/www.leu-anlagenbau.ch\\\/#website\",\"url\":\"https:\\\/\\\/www.leu-anlagenbau.ch\\\/\",\"name\":\"LEU Anlagenbau AG\",\"description\":\"\",\"potentialAction\":[{\"@type\":\"SearchAction\",\"target\":{\"@type\":\"EntryPoint\",\"urlTemplate\":\"https:\\\/\\\/www.leu-anlagenbau.ch\\\/?s={search_term_string}\"},\"query-input\":{\"@type\":\"PropertyValueSpecification\",\"valueRequired\":true,\"valueName\":\"search_term_string\"}}],\"inLanguage\":\"fr-FR\"}]}<\/script>\n<!-- \/ Yoast SEO plugin. -->","yoast_head_json":{"title":"LEU Anlagenbau AG - Maintenance et support","robots":{"index":"index","follow":"follow","max-snippet":"max-snippet:-1","max-image-preview":"max-image-preview:large","max-video-preview":"max-video-preview:-1"},"canonical":"https:\/\/www.leu-anlagenbau.ch\/fr\/maintenance-et-support\/","og_locale":"fr_FR","og_type":"article","og_title":"LEU Anlagenbau AG - Maintenance et support","og_description":"[vc_row][vc_column][vc_column_text][\/vc_column_text][\/vc_column][\/vc_row][vc_row][vc_column width=\u00a0\u00bb1\/6&Prime;][\/vc_column][vc_column width=\u00a0\u00bb2\/3&Prime;][vc_column_text][\/vc_column_text][vc_row_inner][vc_column_inner width=\u00a0\u00bb1\/2&Prime;][vc_column_text] Support t\u00e9l\u00e9phonique En cas de probl\u00e8me, adressez-vous \u00e0 notre \u00e9quipe de sp\u00e9cialistes pour localiser et r\u00e9soudre d\u2019\u00e9ventuels probl\u00e8mes. Ces sp\u00e9cialistes vous r\u00e9pondront en fran\u00e7ais, en allemand et en anglais. 07.00h-12.00h \/ 13.00h-17.00h Service: Tel. +41 33 346 50 01 Email service@leu-anlagenbau.ch Questions g\u00e9n\u00e9rales: T\u00e9l. +41 33 346 50 00 Email info@leu-anlagenbau.ch[\/vc_column_text][\/vc_column_inner][vc_column_inner... weiterlesen","og_url":"https:\/\/www.leu-anlagenbau.ch\/fr\/maintenance-et-support\/","og_site_name":"LEU Anlagenbau AG","article_modified_time":"2023-06-07T11:43:29+00:00","og_image":[{"width":640,"height":360,"url":"https:\/\/www.leu-anlagenbau.ch\/wp-content\/uploads\/2015\/04\/leu_anlagenbau_content_wartungsupport_0000s_0000_wartungsupport1.jpg","type":"image\/jpeg"}],"twitter_card":"summary_large_image","twitter_misc":{"Dur\u00e9e de lecture estim\u00e9e":"2 minutes"},"schema":{"@context":"https:\/\/schema.org","@graph":[{"@type":"WebPage","@id":"https:\/\/www.leu-anlagenbau.ch\/fr\/maintenance-et-support\/","url":"https:\/\/www.leu-anlagenbau.ch\/fr\/maintenance-et-support\/","name":"LEU Anlagenbau AG - Maintenance et support","isPartOf":{"@id":"https:\/\/www.leu-anlagenbau.ch\/#website"},"primaryImageOfPage":{"@id":"https:\/\/www.leu-anlagenbau.ch\/fr\/maintenance-et-support\/#primaryimage"},"image":{"@id":"https:\/\/www.leu-anlagenbau.ch\/fr\/maintenance-et-support\/#primaryimage"},"thumbnailUrl":"https:\/\/www.leu-anlagenbau.ch\/wp-content\/uploads\/2015\/04\/leu_anlagenbau_content_wartungsupport_0000s_0000_wartungsupport1.jpg","datePublished":"2015-04-14T20:41:22+00:00","dateModified":"2023-06-07T11:43:29+00:00","breadcrumb":{"@id":"https:\/\/www.leu-anlagenbau.ch\/fr\/maintenance-et-support\/#breadcrumb"},"inLanguage":"fr-FR","potentialAction":[{"@type":"ReadAction","target":["https:\/\/www.leu-anlagenbau.ch\/fr\/maintenance-et-support\/"]}]},{"@type":"ImageObject","inLanguage":"fr-FR","@id":"https:\/\/www.leu-anlagenbau.ch\/fr\/maintenance-et-support\/#primaryimage","url":"https:\/\/www.leu-anlagenbau.ch\/wp-content\/uploads\/2015\/04\/leu_anlagenbau_content_wartungsupport_0000s_0000_wartungsupport1.jpg","contentUrl":"https:\/\/www.leu-anlagenbau.ch\/wp-content\/uploads\/2015\/04\/leu_anlagenbau_content_wartungsupport_0000s_0000_wartungsupport1.jpg","width":640,"height":360},{"@type":"BreadcrumbList","@id":"https:\/\/www.leu-anlagenbau.ch\/fr\/maintenance-et-support\/#breadcrumb","itemListElement":[{"@type":"ListItem","position":1,"name":"Home","item":"https:\/\/www.leu-anlagenbau.ch\/fr\/"},{"@type":"ListItem","position":2,"name":"Maintenance et support"}]},{"@type":"WebSite","@id":"https:\/\/www.leu-anlagenbau.ch\/#website","url":"https:\/\/www.leu-anlagenbau.ch\/","name":"LEU Anlagenbau AG","description":"","potentialAction":[{"@type":"SearchAction","target":{"@type":"EntryPoint","urlTemplate":"https:\/\/www.leu-anlagenbau.ch\/?s={search_term_string}"},"query-input":{"@type":"PropertyValueSpecification","valueRequired":true,"valueName":"search_term_string"}}],"inLanguage":"fr-FR"}]}},"_links":{"self":[{"href":"https:\/\/www.leu-anlagenbau.ch\/fr\/wp-json\/wp\/v2\/pages\/678","targetHints":{"allow":["GET"]}}],"collection":[{"href":"https:\/\/www.leu-anlagenbau.ch\/fr\/wp-json\/wp\/v2\/pages"}],"about":[{"href":"https:\/\/www.leu-anlagenbau.ch\/fr\/wp-json\/wp\/v2\/types\/page"}],"author":[{"embeddable":true,"href":"https:\/\/www.leu-anlagenbau.ch\/fr\/wp-json\/wp\/v2\/users\/1"}],"replies":[{"embeddable":true,"href":"https:\/\/www.leu-anlagenbau.ch\/fr\/wp-json\/wp\/v2\/comments?post=678"}],"version-history":[{"count":39,"href":"https:\/\/www.leu-anlagenbau.ch\/fr\/wp-json\/wp\/v2\/pages\/678\/revisions"}],"predecessor-version":[{"id":5434,"href":"https:\/\/www.leu-anlagenbau.ch\/fr\/wp-json\/wp\/v2\/pages\/678\/revisions\/5434"}],"wp:featuredmedia":[{"embeddable":true,"href":"https:\/\/www.leu-anlagenbau.ch\/fr\/wp-json\/wp\/v2\/media\/605"}],"wp:attachment":[{"href":"https:\/\/www.leu-anlagenbau.ch\/fr\/wp-json\/wp\/v2\/media?parent=678"}],"curies":[{"name":"wp","href":"https:\/\/api.w.org\/{rel}","templated":true}]}}