{"id":675,"date":"2015-04-14T22:41:49","date_gmt":"2015-04-14T20:41:49","guid":{"rendered":"http:\/\/web1246.login-15.loginserver.ch\/steuerungen-2\/"},"modified":"2016-03-01T15:43:15","modified_gmt":"2016-03-01T14:43:15","slug":"commandes","status":"publish","type":"page","link":"https:\/\/www.leu-anlagenbau.ch\/fr\/commandes\/","title":{"rendered":"Commandes"},"content":{"rendered":"<div class=\"wpb-content-wrapper\">[vc_row][vc_column width=\u00a0\u00bb1\/1&Prime;][vc_column_text]        <div id=\"cptbc_58\" class=\"carousel slide\"  data-interval=\"5000\">\n\n                                <ol class=\"carousel-indicators\">\n                                            <li data-target=\"#cptbc_58\" data-slide-to=\"0\" class=\"active\"><\/li>\n                                            <li data-target=\"#cptbc_58\" data-slide-to=\"1\" ><\/li>\n                                            <li data-target=\"#cptbc_58\" data-slide-to=\"2\" ><\/li>\n                                            <li data-target=\"#cptbc_58\" data-slide-to=\"3\" ><\/li>\n                                            <li data-target=\"#cptbc_58\" data-slide-to=\"4\" ><\/li>\n                                        <\/ol>\n                \n            <div class=\"carousel-inner\">\n            \n                <div class=\"item active\" id=\"cptbc-item-1808\" >\n                    <img decoding=\"async\" src=\"https:\/\/www.leu-anlagenbau.ch\/wp-content\/uploads\/2015\/05\/leu_anlagenbau_image_slideheader_steuerungen4.jpg\" class=\"attachment-full size-full wp-post-image\" alt=\"\" srcset=\"https:\/\/www.leu-anlagenbau.ch\/wp-content\/uploads\/2015\/05\/leu_anlagenbau_image_slideheader_steuerungen4.jpg 1500w, https:\/\/www.leu-anlagenbau.ch\/wp-content\/uploads\/2015\/05\/leu_anlagenbau_image_slideheader_steuerungen4-250x58.jpg 250w, https:\/\/www.leu-anlagenbau.ch\/wp-content\/uploads\/2015\/05\/leu_anlagenbau_image_slideheader_steuerungen4-700x163.jpg 700w, https:\/\/www.leu-anlagenbau.ch\/wp-content\/uploads\/2015\/05\/leu_anlagenbau_image_slideheader_steuerungen4-120x28.jpg 120w\" sizes=\"(max-width: 1500px) 100vw, 1500px\" \/><div class=\"carousel-caption\"><h4>Control &#8211; Slide 1<\/h4><\/div>                <\/div>\n            \n                <div class=\"item \" id=\"cptbc-item-1809\" >\n                    <img decoding=\"async\" src=\"https:\/\/www.leu-anlagenbau.ch\/wp-content\/uploads\/2015\/04\/leu_anlagenbau_image_slideheader_steuerungen3.jpg\" class=\"attachment-full size-full wp-post-image\" alt=\"\" srcset=\"https:\/\/www.leu-anlagenbau.ch\/wp-content\/uploads\/2015\/04\/leu_anlagenbau_image_slideheader_steuerungen3.jpg 1500w, https:\/\/www.leu-anlagenbau.ch\/wp-content\/uploads\/2015\/04\/leu_anlagenbau_image_slideheader_steuerungen3-250x58.jpg 250w, https:\/\/www.leu-anlagenbau.ch\/wp-content\/uploads\/2015\/04\/leu_anlagenbau_image_slideheader_steuerungen3-700x163.jpg 700w, https:\/\/www.leu-anlagenbau.ch\/wp-content\/uploads\/2015\/04\/leu_anlagenbau_image_slideheader_steuerungen3-120x28.jpg 120w\" sizes=\"(max-width: 1500px) 100vw, 1500px\" \/><div class=\"carousel-caption\"><h4>Control &#8211; Slide 2<\/h4><\/div>                <\/div>\n            \n                <div class=\"item \" id=\"cptbc-item-1810\" >\n                    <img decoding=\"async\" src=\"https:\/\/www.leu-anlagenbau.ch\/wp-content\/uploads\/2015\/04\/leu_anlagenbau_image_slideheader_steuerungen5.jpg\" class=\"attachment-full size-full wp-post-image\" alt=\"\" srcset=\"https:\/\/www.leu-anlagenbau.ch\/wp-content\/uploads\/2015\/04\/leu_anlagenbau_image_slideheader_steuerungen5.jpg 1500w, https:\/\/www.leu-anlagenbau.ch\/wp-content\/uploads\/2015\/04\/leu_anlagenbau_image_slideheader_steuerungen5-250x58.jpg 250w, https:\/\/www.leu-anlagenbau.ch\/wp-content\/uploads\/2015\/04\/leu_anlagenbau_image_slideheader_steuerungen5-700x163.jpg 700w, https:\/\/www.leu-anlagenbau.ch\/wp-content\/uploads\/2015\/04\/leu_anlagenbau_image_slideheader_steuerungen5-120x28.jpg 120w\" sizes=\"(max-width: 1500px) 100vw, 1500px\" \/><div class=\"carousel-caption\"><h4>Control &#8211; Slide 3<\/h4><\/div>                <\/div>\n            \n                <div class=\"item \" id=\"cptbc-item-1811\" >\n                    <img decoding=\"async\" src=\"https:\/\/www.leu-anlagenbau.ch\/wp-content\/uploads\/2015\/04\/leu_anlagenbau_image_slideheader_steuerungen2.jpg\" class=\"attachment-full size-full wp-post-image\" alt=\"\" srcset=\"https:\/\/www.leu-anlagenbau.ch\/wp-content\/uploads\/2015\/04\/leu_anlagenbau_image_slideheader_steuerungen2.jpg 1500w, https:\/\/www.leu-anlagenbau.ch\/wp-content\/uploads\/2015\/04\/leu_anlagenbau_image_slideheader_steuerungen2-250x58.jpg 250w, https:\/\/www.leu-anlagenbau.ch\/wp-content\/uploads\/2015\/04\/leu_anlagenbau_image_slideheader_steuerungen2-700x163.jpg 700w, https:\/\/www.leu-anlagenbau.ch\/wp-content\/uploads\/2015\/04\/leu_anlagenbau_image_slideheader_steuerungen2-120x28.jpg 120w\" sizes=\"(max-width: 1500px) 100vw, 1500px\" \/><div class=\"carousel-caption\"><h4>Control &#8211; Slide 4<\/h4><\/div>                <\/div>\n            \n                <div class=\"item \" id=\"cptbc-item-351\" >\n                    <img decoding=\"async\" src=\"https:\/\/www.leu-anlagenbau.ch\/wp-content\/uploads\/2015\/05\/leu_anlagenbau_image_slideheader_steuerungen6.jpg\" class=\"attachment-full size-full wp-post-image\" alt=\"\" srcset=\"https:\/\/www.leu-anlagenbau.ch\/wp-content\/uploads\/2015\/05\/leu_anlagenbau_image_slideheader_steuerungen6.jpg 1500w, https:\/\/www.leu-anlagenbau.ch\/wp-content\/uploads\/2015\/05\/leu_anlagenbau_image_slideheader_steuerungen6-250x58.jpg 250w, https:\/\/www.leu-anlagenbau.ch\/wp-content\/uploads\/2015\/05\/leu_anlagenbau_image_slideheader_steuerungen6-700x163.jpg 700w, https:\/\/www.leu-anlagenbau.ch\/wp-content\/uploads\/2015\/05\/leu_anlagenbau_image_slideheader_steuerungen6-120x28.jpg 120w\" sizes=\"(max-width: 1500px) 100vw, 1500px\" \/><div class=\"carousel-caption\"><h4>Control &#8211; Slide 5<\/h4><\/div>                <\/div>\n                        <\/div>\n\n                                <a class=\"left carousel-control\" href=\"#cptbc_58\" data-slide=\"prev\"><span class=\"glyphicon glyphicon-chevron-left\"><\/span><\/a>\n                    <a class=\"right carousel-control\" href=\"#cptbc_58\" data-slide=\"next\"><span class=\"glyphicon glyphicon-chevron-right\"><\/span><\/a>\n                \n        <\/div>\n\n                <script type=\"text\/javascript\">\n            jQuery(document).ready(function() {\n                jQuery('#cptbc_58').carousel({\n                    interval: 5000                });\n            });\n        <\/script>\n        [\/vc_column_text][\/vc_column][\/vc_row][vc_row][vc_column width=\u00a0\u00bb1\/6&Prime;][\/vc_column][vc_column width=\u00a0\u00bb2\/3&Prime;][vc_row_inner][vc_column_inner width=\u00a0\u00bb1\/2&Prime;][vc_column_text]\n<h2>De l\u2019id\u00e9e initiale \u00e0 l\u2019installation op\u00e9rationnelle en passant par les sch\u00e9mas et les armoires \u00e9lectriques<\/h2>\n<p>Nous sommes \u00e0 votre enti\u00e8re disposition et vous conseillons avec plaisir pour tout ce qui touche:<\/p>\n<ul style=\"list-style-type: disc;\">\n<li>la technique de commande et de r\u00e9gulation<\/li>\n<li>les analyses au niveau de la s\u00e9curit\u00e9 des machines (Safexpert)<\/li>\n<li>la r\u00e9alisation de sch\u00e9mas \u00e9lectriques (ePLAN \/ ELCAD)<\/li>\n<li>le c\u00e2blage d\u2019armoires de commandes et d\u2019installations<\/li>\n<li>la technique d\u2019entra\u00eenement (syst\u00e8mes d\u2019asservissement, technique en lien avec les convertisseurs de fr\u00e9quences, entra\u00eenements \u00e0 courant continu (CC)<\/li>\n<li>la programmation d\u2019automates programmables (Siemens, Omron, Mitsubishi)<\/li>\n<li>la visualisation d\u2019interfaces homme-machine (HMI)<\/li>\n<li>les mises en service d\u2019installation et la formation du personnel<\/li>\n<li>la t\u00e9l\u00e9maintenance<\/li>\n<\/ul>\n<p>Notre support technique comp\u00e9tent reste naturellement \u00e0 votre enti\u00e8re disposition dans des d\u00e9lais tr\u00e8s brefs en cas de questions survenant ult\u00e9rieurement \u00e0 une mise en Service.<\/p>\n<p><a href=\"\/fr\/contact\/?contactType=1#contactform\">Formulaire de contact<\/a>[\/vc_column_text][\/vc_column_inner][vc_column_inner width=\u00a0\u00bb1\/2&Prime;][vc_column_text]        <div id=\"cptbc_79\" class=\"carousel slide\"  data-interval=\"5000\">\n\n            \n            <div class=\"carousel-inner\">\n            \n                <div class=\"item active\" id=\"cptbc-item-202\" >\n                    <img decoding=\"async\" src=\"https:\/\/www.leu-anlagenbau.ch\/wp-content\/uploads\/2015\/04\/LEUAnlagenbau_Image_Content__0001s_0000_leuanlagenbau63.jpg\" class=\"attachment-full size-full wp-post-image\" alt=\"\" srcset=\"https:\/\/www.leu-anlagenbau.ch\/wp-content\/uploads\/2015\/04\/LEUAnlagenbau_Image_Content__0001s_0000_leuanlagenbau63.jpg 640w, https:\/\/www.leu-anlagenbau.ch\/wp-content\/uploads\/2015\/04\/LEUAnlagenbau_Image_Content__0001s_0000_leuanlagenbau63-250x141.jpg 250w, https:\/\/www.leu-anlagenbau.ch\/wp-content\/uploads\/2015\/04\/LEUAnlagenbau_Image_Content__0001s_0000_leuanlagenbau63-120x68.jpg 120w\" sizes=\"(max-width: 640px) 100vw, 640px\" \/><div class=\"carousel-caption\"><h4>Plan &#8211; Slide 1<\/h4><\/div>                <\/div>\n                        <\/div>\n\n            \n        <\/div>\n\n                <script type=\"text\/javascript\">\n            jQuery(document).ready(function() {\n                jQuery('#cptbc_79').carousel({\n                    interval: 5000                });\n            });\n        <\/script>\n        [\/vc_column_text][\/vc_column_inner][\/vc_row_inner][\/vc_column][vc_column width=\u00a0\u00bb1\/6&Prime;][\/vc_column][\/vc_row]\n<\/div>","protected":false},"excerpt":{"rendered":"[vc_row][vc_column width=\u00a0\u00bb1\/1&Prime;][vc_column_text][\/vc_column_text][\/vc_column][\/vc_row][vc_row][vc_column width=\u00a0\u00bb1\/6&Prime;][\/vc_column][vc_column width=\u00a0\u00bb2\/3&Prime;][vc_row_inner][vc_column_inner width=\u00a0\u00bb1\/2&Prime;][vc_column_text] De l\u2019id\u00e9e initiale \u00e0 l\u2019installation op\u00e9rationnelle en passant par les sch\u00e9mas et les armoires \u00e9lectriques Nous sommes \u00e0 votre enti\u00e8re disposition et vous conseillons avec plaisir pour tout ce qui touche: la technique de commande et de r\u00e9gulation les analyses au niveau de la s\u00e9curit\u00e9 des machines (Safexpert) la r\u00e9alisation&#8230; <a class=\"view-article\" href=\"https:\/\/www.leu-anlagenbau.ch\/fr\/cptbc\/plan-slide-1\/\">weiterlesen<\/a>","protected":false},"author":1,"featured_media":0,"parent":0,"menu_order":0,"comment_status":"open","ping_status":"open","template":"","meta":{"footnotes":""},"class_list":["post-675","page","type-page","status-publish","hentry"],"yoast_head":"<!-- This site is optimized with the Yoast SEO plugin v27.4 - https:\/\/yoast.com\/product\/yoast-seo-wordpress\/ -->\n<title>LEU Anlagenbau AG - Commandes<\/title>\n<meta name=\"robots\" content=\"index, follow, max-snippet:-1, max-image-preview:large, max-video-preview:-1\" \/>\n<link rel=\"canonical\" href=\"https:\/\/www.leu-anlagenbau.ch\/fr\/commandes\/\" \/>\n<meta property=\"og:locale\" content=\"fr_FR\" \/>\n<meta property=\"og:type\" content=\"article\" \/>\n<meta property=\"og:title\" content=\"LEU Anlagenbau AG - Commandes\" \/>\n<meta property=\"og:description\" content=\"[vc_row][vc_column width=\u00a0\u00bb1\/1&Prime;][vc_column_text][\/vc_column_text][\/vc_column][\/vc_row][vc_row][vc_column width=\u00a0\u00bb1\/6&Prime;][\/vc_column][vc_column width=\u00a0\u00bb2\/3&Prime;][vc_row_inner][vc_column_inner width=\u00a0\u00bb1\/2&Prime;][vc_column_text] De l\u2019id\u00e9e initiale \u00e0 l\u2019installation op\u00e9rationnelle en passant par les sch\u00e9mas et les armoires \u00e9lectriques Nous sommes \u00e0 votre enti\u00e8re disposition et vous conseillons avec plaisir pour tout ce qui touche: la technique de commande et de r\u00e9gulation les analyses au niveau de la s\u00e9curit\u00e9 des machines (Safexpert) la r\u00e9alisation... weiterlesen\" \/>\n<meta property=\"og:url\" content=\"https:\/\/www.leu-anlagenbau.ch\/fr\/commandes\/\" \/>\n<meta property=\"og:site_name\" content=\"LEU Anlagenbau AG\" \/>\n<meta property=\"article:modified_time\" content=\"2016-03-01T14:43:15+00:00\" \/>\n<meta name=\"twitter:card\" content=\"summary_large_image\" \/>\n<meta name=\"twitter:label1\" content=\"Dur\u00e9e de lecture estim\u00e9e\" \/>\n\t<meta name=\"twitter:data1\" content=\"1 minute\" \/>\n<script type=\"application\/ld+json\" class=\"yoast-schema-graph\">{\"@context\":\"https:\\\/\\\/schema.org\",\"@graph\":[{\"@type\":\"WebPage\",\"@id\":\"https:\\\/\\\/www.leu-anlagenbau.ch\\\/fr\\\/commandes\\\/\",\"url\":\"https:\\\/\\\/www.leu-anlagenbau.ch\\\/fr\\\/commandes\\\/\",\"name\":\"LEU Anlagenbau AG - Commandes\",\"isPartOf\":{\"@id\":\"https:\\\/\\\/www.leu-anlagenbau.ch\\\/#website\"},\"datePublished\":\"2015-04-14T20:41:49+00:00\",\"dateModified\":\"2016-03-01T14:43:15+00:00\",\"breadcrumb\":{\"@id\":\"https:\\\/\\\/www.leu-anlagenbau.ch\\\/fr\\\/commandes\\\/#breadcrumb\"},\"inLanguage\":\"fr-FR\",\"potentialAction\":[{\"@type\":\"ReadAction\",\"target\":[\"https:\\\/\\\/www.leu-anlagenbau.ch\\\/fr\\\/commandes\\\/\"]}]},{\"@type\":\"BreadcrumbList\",\"@id\":\"https:\\\/\\\/www.leu-anlagenbau.ch\\\/fr\\\/commandes\\\/#breadcrumb\",\"itemListElement\":[{\"@type\":\"ListItem\",\"position\":1,\"name\":\"Home\",\"item\":\"https:\\\/\\\/www.leu-anlagenbau.ch\\\/fr\\\/\"},{\"@type\":\"ListItem\",\"position\":2,\"name\":\"Commandes\"}]},{\"@type\":\"WebSite\",\"@id\":\"https:\\\/\\\/www.leu-anlagenbau.ch\\\/#website\",\"url\":\"https:\\\/\\\/www.leu-anlagenbau.ch\\\/\",\"name\":\"LEU Anlagenbau AG\",\"description\":\"\",\"potentialAction\":[{\"@type\":\"SearchAction\",\"target\":{\"@type\":\"EntryPoint\",\"urlTemplate\":\"https:\\\/\\\/www.leu-anlagenbau.ch\\\/?s={search_term_string}\"},\"query-input\":{\"@type\":\"PropertyValueSpecification\",\"valueRequired\":true,\"valueName\":\"search_term_string\"}}],\"inLanguage\":\"fr-FR\"}]}<\/script>\n<!-- \/ Yoast SEO plugin. -->","yoast_head_json":{"title":"LEU Anlagenbau AG - Commandes","robots":{"index":"index","follow":"follow","max-snippet":"max-snippet:-1","max-image-preview":"max-image-preview:large","max-video-preview":"max-video-preview:-1"},"canonical":"https:\/\/www.leu-anlagenbau.ch\/fr\/commandes\/","og_locale":"fr_FR","og_type":"article","og_title":"LEU Anlagenbau AG - Commandes","og_description":"[vc_row][vc_column width=\u00a0\u00bb1\/1&Prime;][vc_column_text][\/vc_column_text][\/vc_column][\/vc_row][vc_row][vc_column width=\u00a0\u00bb1\/6&Prime;][\/vc_column][vc_column width=\u00a0\u00bb2\/3&Prime;][vc_row_inner][vc_column_inner width=\u00a0\u00bb1\/2&Prime;][vc_column_text] De l\u2019id\u00e9e initiale \u00e0 l\u2019installation op\u00e9rationnelle en passant par les sch\u00e9mas et les armoires \u00e9lectriques Nous sommes \u00e0 votre enti\u00e8re disposition et vous conseillons avec plaisir pour tout ce qui touche: la technique de commande et de r\u00e9gulation les analyses au niveau de la s\u00e9curit\u00e9 des machines (Safexpert) la r\u00e9alisation... weiterlesen","og_url":"https:\/\/www.leu-anlagenbau.ch\/fr\/commandes\/","og_site_name":"LEU Anlagenbau AG","article_modified_time":"2016-03-01T14:43:15+00:00","twitter_card":"summary_large_image","twitter_misc":{"Dur\u00e9e de lecture estim\u00e9e":"1 minute"},"schema":{"@context":"https:\/\/schema.org","@graph":[{"@type":"WebPage","@id":"https:\/\/www.leu-anlagenbau.ch\/fr\/commandes\/","url":"https:\/\/www.leu-anlagenbau.ch\/fr\/commandes\/","name":"LEU Anlagenbau AG - Commandes","isPartOf":{"@id":"https:\/\/www.leu-anlagenbau.ch\/#website"},"datePublished":"2015-04-14T20:41:49+00:00","dateModified":"2016-03-01T14:43:15+00:00","breadcrumb":{"@id":"https:\/\/www.leu-anlagenbau.ch\/fr\/commandes\/#breadcrumb"},"inLanguage":"fr-FR","potentialAction":[{"@type":"ReadAction","target":["https:\/\/www.leu-anlagenbau.ch\/fr\/commandes\/"]}]},{"@type":"BreadcrumbList","@id":"https:\/\/www.leu-anlagenbau.ch\/fr\/commandes\/#breadcrumb","itemListElement":[{"@type":"ListItem","position":1,"name":"Home","item":"https:\/\/www.leu-anlagenbau.ch\/fr\/"},{"@type":"ListItem","position":2,"name":"Commandes"}]},{"@type":"WebSite","@id":"https:\/\/www.leu-anlagenbau.ch\/#website","url":"https:\/\/www.leu-anlagenbau.ch\/","name":"LEU Anlagenbau AG","description":"","potentialAction":[{"@type":"SearchAction","target":{"@type":"EntryPoint","urlTemplate":"https:\/\/www.leu-anlagenbau.ch\/?s={search_term_string}"},"query-input":{"@type":"PropertyValueSpecification","valueRequired":true,"valueName":"search_term_string"}}],"inLanguage":"fr-FR"}]}},"_links":{"self":[{"href":"https:\/\/www.leu-anlagenbau.ch\/fr\/wp-json\/wp\/v2\/pages\/675","targetHints":{"allow":["GET"]}}],"collection":[{"href":"https:\/\/www.leu-anlagenbau.ch\/fr\/wp-json\/wp\/v2\/pages"}],"about":[{"href":"https:\/\/www.leu-anlagenbau.ch\/fr\/wp-json\/wp\/v2\/types\/page"}],"author":[{"embeddable":true,"href":"https:\/\/www.leu-anlagenbau.ch\/fr\/wp-json\/wp\/v2\/users\/1"}],"replies":[{"embeddable":true,"href":"https:\/\/www.leu-anlagenbau.ch\/fr\/wp-json\/wp\/v2\/comments?post=675"}],"version-history":[{"count":7,"href":"https:\/\/www.leu-anlagenbau.ch\/fr\/wp-json\/wp\/v2\/pages\/675\/revisions"}],"predecessor-version":[{"id":2089,"href":"https:\/\/www.leu-anlagenbau.ch\/fr\/wp-json\/wp\/v2\/pages\/675\/revisions\/2089"}],"wp:attachment":[{"href":"https:\/\/www.leu-anlagenbau.ch\/fr\/wp-json\/wp\/v2\/media?parent=675"}],"curies":[{"name":"wp","href":"https:\/\/api.w.org\/{rel}","templated":true}]}}