{"id":669,"date":"2015-04-09T22:14:50","date_gmt":"2015-04-09T20:14:50","guid":{"rendered":"http:\/\/web1246.login-15.loginserver.ch\/portrait-2\/"},"modified":"2026-02-04T10:39:10","modified_gmt":"2026-02-04T09:39:10","slug":"portrait","status":"publish","type":"page","link":"https:\/\/www.leu-anlagenbau.ch\/fr\/","title":{"rendered":"Portrait"},"content":{"rendered":"<div class=\"wpb-content-wrapper\">[vc_row][vc_column][vc_column_text]        <div id=\"cptbc_971\" class=\"carousel slide\"  data-interval=\"5000\">\n\n                                <ol class=\"carousel-indicators\">\n                                            <li data-target=\"#cptbc_971\" data-slide-to=\"0\" class=\"active\"><\/li>\n                                            <li data-target=\"#cptbc_971\" data-slide-to=\"1\" ><\/li>\n                                            <li data-target=\"#cptbc_971\" data-slide-to=\"2\" ><\/li>\n                                            <li data-target=\"#cptbc_971\" data-slide-to=\"3\" ><\/li>\n                                            <li data-target=\"#cptbc_971\" data-slide-to=\"4\" ><\/li>\n                                        <\/ol>\n                \n            <div class=\"carousel-inner\">\n            \n                <div class=\"item active\" id=\"cptbc-item-1189\" >\n                    <img decoding=\"async\" src=\"https:\/\/www.leu-anlagenbau.ch\/wp-content\/uploads\/2015\/06\/leu_anlagenbau_image_slideheader_portrait9.jpg\" class=\"attachment-full size-full wp-post-image\" alt=\"\" srcset=\"https:\/\/www.leu-anlagenbau.ch\/wp-content\/uploads\/2015\/06\/leu_anlagenbau_image_slideheader_portrait9.jpg 1500w, https:\/\/www.leu-anlagenbau.ch\/wp-content\/uploads\/2015\/06\/leu_anlagenbau_image_slideheader_portrait9-250x58.jpg 250w, https:\/\/www.leu-anlagenbau.ch\/wp-content\/uploads\/2015\/06\/leu_anlagenbau_image_slideheader_portrait9-700x163.jpg 700w, https:\/\/www.leu-anlagenbau.ch\/wp-content\/uploads\/2015\/06\/leu_anlagenbau_image_slideheader_portrait9-120x28.jpg 120w\" sizes=\"(max-width: 1500px) 100vw, 1500px\" \/><div class=\"carousel-caption\"><h4>Homepage Slide 8<\/h4><\/div>                <\/div>\n            \n                <div class=\"item \" id=\"cptbc-item-1454\" >\n                    <img decoding=\"async\" src=\"https:\/\/www.leu-anlagenbau.ch\/wp-content\/uploads\/2015\/11\/LEUAnlagenbau_Image_SlideHeader_Portrait_3.jpg\" class=\"attachment-full size-full wp-post-image\" alt=\"\" srcset=\"https:\/\/www.leu-anlagenbau.ch\/wp-content\/uploads\/2015\/11\/LEUAnlagenbau_Image_SlideHeader_Portrait_3.jpg 1500w, https:\/\/www.leu-anlagenbau.ch\/wp-content\/uploads\/2015\/11\/LEUAnlagenbau_Image_SlideHeader_Portrait_3-250x58.jpg 250w, https:\/\/www.leu-anlagenbau.ch\/wp-content\/uploads\/2015\/11\/LEUAnlagenbau_Image_SlideHeader_Portrait_3-700x163.jpg 700w, https:\/\/www.leu-anlagenbau.ch\/wp-content\/uploads\/2015\/11\/LEUAnlagenbau_Image_SlideHeader_Portrait_3-120x28.jpg 120w\" sizes=\"(max-width: 1500px) 100vw, 1500px\" \/><div class=\"carousel-caption\"><h4>Homepage Slide 1<\/h4><\/div>                <\/div>\n            \n                <div class=\"item \" id=\"cptbc-item-1193\" >\n                    <img decoding=\"async\" src=\"https:\/\/www.leu-anlagenbau.ch\/wp-content\/uploads\/2015\/06\/leu_anlagenbau_image_slideheader_portrait11.jpg\" class=\"attachment-full size-full wp-post-image\" alt=\"\" srcset=\"https:\/\/www.leu-anlagenbau.ch\/wp-content\/uploads\/2015\/06\/leu_anlagenbau_image_slideheader_portrait11.jpg 1500w, https:\/\/www.leu-anlagenbau.ch\/wp-content\/uploads\/2015\/06\/leu_anlagenbau_image_slideheader_portrait11-250x58.jpg 250w, https:\/\/www.leu-anlagenbau.ch\/wp-content\/uploads\/2015\/06\/leu_anlagenbau_image_slideheader_portrait11-700x163.jpg 700w, https:\/\/www.leu-anlagenbau.ch\/wp-content\/uploads\/2015\/06\/leu_anlagenbau_image_slideheader_portrait11-120x28.jpg 120w\" sizes=\"(max-width: 1500px) 100vw, 1500px\" \/><div class=\"carousel-caption\"><h4>Homepage Slide 10<\/h4><\/div>                <\/div>\n            \n                <div class=\"item \" id=\"cptbc-item-370\" >\n                    <img decoding=\"async\" src=\"https:\/\/www.leu-anlagenbau.ch\/wp-content\/uploads\/2015\/05\/leu_anlagenbau_image_slideheader_portrait81.jpg\" class=\"attachment-full size-full wp-post-image\" alt=\"\" srcset=\"https:\/\/www.leu-anlagenbau.ch\/wp-content\/uploads\/2015\/05\/leu_anlagenbau_image_slideheader_portrait81.jpg 1500w, https:\/\/www.leu-anlagenbau.ch\/wp-content\/uploads\/2015\/05\/leu_anlagenbau_image_slideheader_portrait81-250x58.jpg 250w, https:\/\/www.leu-anlagenbau.ch\/wp-content\/uploads\/2015\/05\/leu_anlagenbau_image_slideheader_portrait81-700x163.jpg 700w, https:\/\/www.leu-anlagenbau.ch\/wp-content\/uploads\/2015\/05\/leu_anlagenbau_image_slideheader_portrait81-120x28.jpg 120w\" sizes=\"(max-width: 1500px) 100vw, 1500px\" \/><div class=\"carousel-caption\"><h4>Homepage &#8211; Slide 8<\/h4><\/div>                <\/div>\n            \n                <div class=\"item \" id=\"cptbc-item-1455\" >\n                    <img decoding=\"async\" src=\"https:\/\/www.leu-anlagenbau.ch\/wp-content\/uploads\/2015\/11\/LEUAnlagenbau_Image_SlideHeader_Portrait_2.jpg\" class=\"attachment-full size-full wp-post-image\" alt=\"\" srcset=\"https:\/\/www.leu-anlagenbau.ch\/wp-content\/uploads\/2015\/11\/LEUAnlagenbau_Image_SlideHeader_Portrait_2.jpg 1500w, https:\/\/www.leu-anlagenbau.ch\/wp-content\/uploads\/2015\/11\/LEUAnlagenbau_Image_SlideHeader_Portrait_2-250x58.jpg 250w, https:\/\/www.leu-anlagenbau.ch\/wp-content\/uploads\/2015\/11\/LEUAnlagenbau_Image_SlideHeader_Portrait_2-700x163.jpg 700w, https:\/\/www.leu-anlagenbau.ch\/wp-content\/uploads\/2015\/11\/LEUAnlagenbau_Image_SlideHeader_Portrait_2-120x28.jpg 120w\" sizes=\"(max-width: 1500px) 100vw, 1500px\" \/><div class=\"carousel-caption\"><h4>Homepage Slide 2<\/h4><\/div>                <\/div>\n                        <\/div>\n\n                                <a class=\"left carousel-control\" href=\"#cptbc_971\" data-slide=\"prev\"><span class=\"glyphicon glyphicon-chevron-left\"><\/span><\/a>\n                    <a class=\"right carousel-control\" href=\"#cptbc_971\" data-slide=\"next\"><span class=\"glyphicon glyphicon-chevron-right\"><\/span><\/a>\n                \n        <\/div>\n\n                <script type=\"text\/javascript\">\n            jQuery(document).ready(function() {\n                jQuery('#cptbc_971').carousel({\n                    interval: 5000                });\n            });\n        <\/script>\n        [\/vc_column_text][\/vc_column][\/vc_row][vc_row css=\u00a0\u00bb.vc_custom_1429040647246{margin-top: 0px !important;margin-bottom: 0px !important;}\u00a0\u00bb][vc_column width=\u00a0\u00bb1\/6&Prime;][\/vc_column][vc_column width=\u00a0\u00bb2\/3&Prime;][vc_column_text][\/vc_column_text][vc_row_inner][vc_column_inner width=\u00a0\u00bb1\/2&Prime;][vc_column_text css=\u00a0\u00bb\u00a0\u00bb]\n<h2>Actuel<\/h2>\n<p data-start=\"68\" data-end=\"361\"><strong data-start=\"87\" data-end=\"120\">Notre organisation de service<\/strong><br data-start=\"120\" data-end=\"123\" \/>Afin de pouvoir vous assister rapidement et efficacement en cas de besoin, vous trouverez <a href=\"https:\/\/www.leu-anlagenbau.ch\/wp-content\/uploads\/2025\/07\/LEU-Information-client.pdf\">ici <\/a>toutes les informations de contact importantes ainsi que les personnes de r\u00e9f\u00e9rence de notre \u00e9quipe de service de LEU Anlagenbau AG \u00e0 Uetendorf.<\/p>\n<p><strong>Robot de soin<\/strong><\/p>\n<p>Occasion LK-40-C-1 \u00e0 vendre! Cliquez <a href=\"https:\/\/www.leu-anlagenbau.ch\/wp-content\/uploads\/2024\/01\/230721-ABB0113-LK-40-C-1_franzoesisch.pdf\">ici<\/a> pour voir la fiche technique.[\/vc_column_text][vc_column_text css=\u00a0\u00bb\u00a0\u00bb][\/vc_column_text][\/vc_column_inner][\/vc_row_inner][vc_separator][vc_row_inner][vc_column_inner width=\u00a0\u00bb1\/2&Prime;][vc_column_text]\n<h2>Portrait<\/h2>\n<p>La soci\u00e9t\u00e9 LEU Anlagenbau AG est une entreprise familiale innovatrice, sp\u00e9cialis\u00e9e dans la conception et la fabrication d\u2019installations destin\u00e9es aux soins des fromages. Toutes ces installations sont d\u00e9velopp\u00e9es, fabriqu\u00e9es, mont\u00e9es et programm\u00e9es \u00e0 Uetendorf, pr\u00e8s de Thoune, puis finalement mises en service chez le client. Depuis 1991 nous livrons \u00e0 bon nombre de fromageries en Suisse, en Europe et aux Etats-Unis des robots de grande qualit\u00e9 en utilisant une technologie \u00e0 la pointe du progr\u00e8s.<\/p>\n<p>Depuis bien des ann\u00e9es, les machines LEU Anlagenbau sont synonymes de robustesse, d\u2019efficacit\u00e9 Con\u00e7ues pour r\u00e9sister aux contraintes \u00e9normes pr\u00e9sentes dans les caves \u00e0 fromages, elles sont \u00e0 m\u00eame de satisfaire aux exigences qualitatives les plus hautes. Chaque robot constitue une machine unique, destin\u00e9e \u00e0 r\u00e9pondre exactement aux exigence de son client utilisateur.[\/vc_column_text][\/vc_column_inner][vc_column_inner width=\u00a0\u00bb1\/2&Prime;][vc_column_text]<img decoding=\"async\" class=\"img-responsive alignnone size-full wp-image-610\" src=\"https:\/\/www.leu-anlagenbau.ch\/wp-content\/uploads\/2015\/04\/leu_anlagenbau_image_content_portrait_aussenansicht.jpg\" alt=\"leu_anlagenbau_image_content_portrait_aussenansicht\" \/>[\/vc_column_text][\/vc_column_inner][\/vc_row_inner][vc_separator][\/vc_column][vc_column width=\u00a0\u00bb1\/6&Prime;][\/vc_column][\/vc_row][vc_row][vc_column width=\u00a0\u00bb1\/6&Prime;][\/vc_column][vc_column width=\u00a0\u00bb2\/3&Prime;][vc_row_inner][vc_column_inner width=\u00a0\u00bb1\/2&Prime;][vc_column_text]\n<h2>Vid\u00e9o de l\u2019entreprise<\/h2>\n<p>Cette vid\u00e9o vous permet de suivre le d\u00e9veloppement de l\u2019entreprise, de sa naissance jusqu\u2019\u00e0 au-jourd\u2019hui.[\/vc_column_text][\/vc_column_inner][vc_column_inner width=\u00a0\u00bb1\/2&Prime;][vc_column_text]<iframe loading=\"lazy\" src=\"https:\/\/player.vimeo.com\/video\/156256100\" width=\"100%\" height=\"360\" frameborder=\"0\" allowfullscreen=\"allowfullscreen\"><\/iframe>[\/vc_column_text][\/vc_column_inner][\/vc_row_inner][\/vc_column][vc_column width=\u00a0\u00bb1\/6&Prime;][\/vc_column][\/vc_row]\n<\/div>","protected":false},"excerpt":{"rendered":"[vc_row][vc_column][vc_column_text][\/vc_column_text][\/vc_column][\/vc_row][vc_row css=\u00a0\u00bb.vc_custom_1429040647246{margin-top: 0px !important;margin-bottom: 0px !important;}\u00a0\u00bb][vc_column width=\u00a0\u00bb1\/6&Prime;][\/vc_column][vc_column width=\u00a0\u00bb2\/3&Prime;][vc_column_text][\/vc_column_text][vc_row_inner][vc_column_inner width=\u00a0\u00bb1\/2&Prime;][vc_column_text css=\u00a0\u00bb\u00a0\u00bb] Actuel Notre organisation de serviceAfin de pouvoir vous assister rapidement et efficacement en cas de besoin, vous trouverez ici toutes les informations de contact importantes ainsi que les personnes de r\u00e9f\u00e9rence de notre \u00e9quipe de service de LEU Anlagenbau AG \u00e0 Uetendorf. Robot de soin&#8230; <a class=\"view-article\" href=\"https:\/\/www.leu-anlagenbau.ch\/fr\/cptbc\/homepage-slide-2\/\">weiterlesen<\/a>","protected":false},"author":1,"featured_media":0,"parent":0,"menu_order":0,"comment_status":"open","ping_status":"open","template":"","meta":{"footnotes":""},"class_list":["post-669","page","type-page","status-publish","hentry"],"yoast_head":"<!-- This site is optimized with the Yoast SEO plugin v27.5 - https:\/\/yoast.com\/product\/yoast-seo-wordpress\/ -->\n<title>LEU Anlagenbau AG - Portrait<\/title>\n<meta name=\"robots\" content=\"index, follow, max-snippet:-1, max-image-preview:large, max-video-preview:-1\" \/>\n<link rel=\"canonical\" href=\"https:\/\/www.leu-anlagenbau.ch\/fr\/\" \/>\n<meta property=\"og:locale\" content=\"fr_FR\" \/>\n<meta property=\"og:type\" content=\"article\" \/>\n<meta property=\"og:title\" content=\"LEU Anlagenbau AG - Portrait\" \/>\n<meta property=\"og:description\" content=\"[vc_row][vc_column][vc_column_text][\/vc_column_text][\/vc_column][\/vc_row][vc_row css=\u00a0\u00bb.vc_custom_1429040647246{margin-top: 0px !important;margin-bottom: 0px !important;}\u00a0\u00bb][vc_column width=\u00a0\u00bb1\/6&Prime;][\/vc_column][vc_column width=\u00a0\u00bb2\/3&Prime;][vc_column_text][\/vc_column_text][vc_row_inner][vc_column_inner width=\u00a0\u00bb1\/2&Prime;][vc_column_text css=\u00a0\u00bb\u00a0\u00bb] Actuel Notre organisation de serviceAfin de pouvoir vous assister rapidement et efficacement en cas de besoin, vous trouverez ici toutes les informations de contact importantes ainsi que les personnes de r\u00e9f\u00e9rence de notre \u00e9quipe de service de LEU Anlagenbau AG \u00e0 Uetendorf. Robot de soin... weiterlesen\" \/>\n<meta property=\"og:url\" content=\"https:\/\/www.leu-anlagenbau.ch\/fr\/\" \/>\n<meta property=\"og:site_name\" content=\"LEU Anlagenbau AG\" \/>\n<meta property=\"article:modified_time\" content=\"2026-02-04T09:39:10+00:00\" \/>\n<meta property=\"og:image\" content=\"https:\/\/www.leu-anlagenbau.ch\/wp-content\/uploads\/2015\/04\/leu_anlagenbau_image_content_portrait_aussenansicht.jpg\" \/>\n<meta name=\"twitter:card\" content=\"summary_large_image\" \/>\n<meta name=\"twitter:label1\" content=\"Dur\u00e9e de lecture estim\u00e9e\" \/>\n\t<meta name=\"twitter:data1\" content=\"2 minutes\" \/>\n<script type=\"application\/ld+json\" class=\"yoast-schema-graph\">{\"@context\":\"https:\\\/\\\/schema.org\",\"@graph\":[{\"@type\":\"WebPage\",\"@id\":\"https:\\\/\\\/www.leu-anlagenbau.ch\\\/fr\\\/\",\"url\":\"https:\\\/\\\/www.leu-anlagenbau.ch\\\/fr\\\/\",\"name\":\"LEU Anlagenbau AG - Portrait\",\"isPartOf\":{\"@id\":\"https:\\\/\\\/www.leu-anlagenbau.ch\\\/#website\"},\"primaryImageOfPage\":{\"@id\":\"https:\\\/\\\/www.leu-anlagenbau.ch\\\/fr\\\/#primaryimage\"},\"image\":{\"@id\":\"https:\\\/\\\/www.leu-anlagenbau.ch\\\/fr\\\/#primaryimage\"},\"thumbnailUrl\":\"https:\\\/\\\/www.leu-anlagenbau.ch\\\/wp-content\\\/uploads\\\/2015\\\/04\\\/leu_anlagenbau_image_content_portrait_aussenansicht.jpg\",\"datePublished\":\"2015-04-09T20:14:50+00:00\",\"dateModified\":\"2026-02-04T09:39:10+00:00\",\"breadcrumb\":{\"@id\":\"https:\\\/\\\/www.leu-anlagenbau.ch\\\/fr\\\/#breadcrumb\"},\"inLanguage\":\"fr-FR\",\"potentialAction\":[{\"@type\":\"ReadAction\",\"target\":[\"https:\\\/\\\/www.leu-anlagenbau.ch\\\/fr\\\/\"]}]},{\"@type\":\"ImageObject\",\"inLanguage\":\"fr-FR\",\"@id\":\"https:\\\/\\\/www.leu-anlagenbau.ch\\\/fr\\\/#primaryimage\",\"url\":\"https:\\\/\\\/www.leu-anlagenbau.ch\\\/wp-content\\\/uploads\\\/2015\\\/04\\\/leu_anlagenbau_image_content_portrait_aussenansicht.jpg\",\"contentUrl\":\"https:\\\/\\\/www.leu-anlagenbau.ch\\\/wp-content\\\/uploads\\\/2015\\\/04\\\/leu_anlagenbau_image_content_portrait_aussenansicht.jpg\"},{\"@type\":\"BreadcrumbList\",\"@id\":\"https:\\\/\\\/www.leu-anlagenbau.ch\\\/fr\\\/#breadcrumb\",\"itemListElement\":[{\"@type\":\"ListItem\",\"position\":1,\"name\":\"Home\",\"item\":\"https:\\\/\\\/www.leu-anlagenbau.ch\\\/fr\\\/\"},{\"@type\":\"ListItem\",\"position\":2,\"name\":\"Portrait\"}]},{\"@type\":\"WebSite\",\"@id\":\"https:\\\/\\\/www.leu-anlagenbau.ch\\\/#website\",\"url\":\"https:\\\/\\\/www.leu-anlagenbau.ch\\\/\",\"name\":\"LEU Anlagenbau AG\",\"description\":\"\",\"potentialAction\":[{\"@type\":\"SearchAction\",\"target\":{\"@type\":\"EntryPoint\",\"urlTemplate\":\"https:\\\/\\\/www.leu-anlagenbau.ch\\\/?s={search_term_string}\"},\"query-input\":{\"@type\":\"PropertyValueSpecification\",\"valueRequired\":true,\"valueName\":\"search_term_string\"}}],\"inLanguage\":\"fr-FR\"}]}<\/script>\n<!-- \/ Yoast SEO plugin. -->","yoast_head_json":{"title":"LEU Anlagenbau AG - Portrait","robots":{"index":"index","follow":"follow","max-snippet":"max-snippet:-1","max-image-preview":"max-image-preview:large","max-video-preview":"max-video-preview:-1"},"canonical":"https:\/\/www.leu-anlagenbau.ch\/fr\/","og_locale":"fr_FR","og_type":"article","og_title":"LEU Anlagenbau AG - Portrait","og_description":"[vc_row][vc_column][vc_column_text][\/vc_column_text][\/vc_column][\/vc_row][vc_row css=\u00a0\u00bb.vc_custom_1429040647246{margin-top: 0px !important;margin-bottom: 0px !important;}\u00a0\u00bb][vc_column width=\u00a0\u00bb1\/6&Prime;][\/vc_column][vc_column width=\u00a0\u00bb2\/3&Prime;][vc_column_text][\/vc_column_text][vc_row_inner][vc_column_inner width=\u00a0\u00bb1\/2&Prime;][vc_column_text css=\u00a0\u00bb\u00a0\u00bb] Actuel Notre organisation de serviceAfin de pouvoir vous assister rapidement et efficacement en cas de besoin, vous trouverez ici toutes les informations de contact importantes ainsi que les personnes de r\u00e9f\u00e9rence de notre \u00e9quipe de service de LEU Anlagenbau AG \u00e0 Uetendorf. Robot de soin... weiterlesen","og_url":"https:\/\/www.leu-anlagenbau.ch\/fr\/","og_site_name":"LEU Anlagenbau AG","article_modified_time":"2026-02-04T09:39:10+00:00","og_image":[{"url":"https:\/\/www.leu-anlagenbau.ch\/wp-content\/uploads\/2015\/04\/leu_anlagenbau_image_content_portrait_aussenansicht.jpg","type":"","width":"","height":""}],"twitter_card":"summary_large_image","twitter_misc":{"Dur\u00e9e de lecture estim\u00e9e":"2 minutes"},"schema":{"@context":"https:\/\/schema.org","@graph":[{"@type":"WebPage","@id":"https:\/\/www.leu-anlagenbau.ch\/fr\/","url":"https:\/\/www.leu-anlagenbau.ch\/fr\/","name":"LEU Anlagenbau AG - Portrait","isPartOf":{"@id":"https:\/\/www.leu-anlagenbau.ch\/#website"},"primaryImageOfPage":{"@id":"https:\/\/www.leu-anlagenbau.ch\/fr\/#primaryimage"},"image":{"@id":"https:\/\/www.leu-anlagenbau.ch\/fr\/#primaryimage"},"thumbnailUrl":"https:\/\/www.leu-anlagenbau.ch\/wp-content\/uploads\/2015\/04\/leu_anlagenbau_image_content_portrait_aussenansicht.jpg","datePublished":"2015-04-09T20:14:50+00:00","dateModified":"2026-02-04T09:39:10+00:00","breadcrumb":{"@id":"https:\/\/www.leu-anlagenbau.ch\/fr\/#breadcrumb"},"inLanguage":"fr-FR","potentialAction":[{"@type":"ReadAction","target":["https:\/\/www.leu-anlagenbau.ch\/fr\/"]}]},{"@type":"ImageObject","inLanguage":"fr-FR","@id":"https:\/\/www.leu-anlagenbau.ch\/fr\/#primaryimage","url":"https:\/\/www.leu-anlagenbau.ch\/wp-content\/uploads\/2015\/04\/leu_anlagenbau_image_content_portrait_aussenansicht.jpg","contentUrl":"https:\/\/www.leu-anlagenbau.ch\/wp-content\/uploads\/2015\/04\/leu_anlagenbau_image_content_portrait_aussenansicht.jpg"},{"@type":"BreadcrumbList","@id":"https:\/\/www.leu-anlagenbau.ch\/fr\/#breadcrumb","itemListElement":[{"@type":"ListItem","position":1,"name":"Home","item":"https:\/\/www.leu-anlagenbau.ch\/fr\/"},{"@type":"ListItem","position":2,"name":"Portrait"}]},{"@type":"WebSite","@id":"https:\/\/www.leu-anlagenbau.ch\/#website","url":"https:\/\/www.leu-anlagenbau.ch\/","name":"LEU Anlagenbau AG","description":"","potentialAction":[{"@type":"SearchAction","target":{"@type":"EntryPoint","urlTemplate":"https:\/\/www.leu-anlagenbau.ch\/?s={search_term_string}"},"query-input":{"@type":"PropertyValueSpecification","valueRequired":true,"valueName":"search_term_string"}}],"inLanguage":"fr-FR"}]}},"_links":{"self":[{"href":"https:\/\/www.leu-anlagenbau.ch\/fr\/wp-json\/wp\/v2\/pages\/669","targetHints":{"allow":["GET"]}}],"collection":[{"href":"https:\/\/www.leu-anlagenbau.ch\/fr\/wp-json\/wp\/v2\/pages"}],"about":[{"href":"https:\/\/www.leu-anlagenbau.ch\/fr\/wp-json\/wp\/v2\/types\/page"}],"author":[{"embeddable":true,"href":"https:\/\/www.leu-anlagenbau.ch\/fr\/wp-json\/wp\/v2\/users\/1"}],"replies":[{"embeddable":true,"href":"https:\/\/www.leu-anlagenbau.ch\/fr\/wp-json\/wp\/v2\/comments?post=669"}],"version-history":[{"count":121,"href":"https:\/\/www.leu-anlagenbau.ch\/fr\/wp-json\/wp\/v2\/pages\/669\/revisions"}],"predecessor-version":[{"id":6680,"href":"https:\/\/www.leu-anlagenbau.ch\/fr\/wp-json\/wp\/v2\/pages\/669\/revisions\/6680"}],"wp:attachment":[{"href":"https:\/\/www.leu-anlagenbau.ch\/fr\/wp-json\/wp\/v2\/media?parent=669"}],"curies":[{"name":"wp","href":"https:\/\/api.w.org\/{rel}","templated":true}]}}