{"id":660,"date":"2015-04-14T22:41:41","date_gmt":"2015-04-14T20:41:41","guid":{"rendered":"http:\/\/web1246.login-15.loginserver.ch\/konstruktionen-2\/"},"modified":"2022-06-24T13:03:01","modified_gmt":"2022-06-24T11:03:01","slug":"construction","status":"publish","type":"page","link":"https:\/\/www.leu-anlagenbau.ch\/fr\/construction\/","title":{"rendered":"Construction"},"content":{"rendered":"<div class=\"wpb-content-wrapper\">[vc_row][vc_column][vc_column_text]        <div id=\"cptbc_976\" class=\"carousel slide\"  data-interval=\"5000\">\n\n                                <ol class=\"carousel-indicators\">\n                                            <li data-target=\"#cptbc_976\" data-slide-to=\"0\" class=\"active\"><\/li>\n                                            <li data-target=\"#cptbc_976\" data-slide-to=\"1\" ><\/li>\n                                            <li data-target=\"#cptbc_976\" data-slide-to=\"2\" ><\/li>\n                                            <li data-target=\"#cptbc_976\" data-slide-to=\"3\" ><\/li>\n                                        <\/ol>\n                \n            <div class=\"carousel-inner\">\n            \n                <div class=\"item active\" id=\"cptbc-item-189\" >\n                    <img decoding=\"async\" src=\"https:\/\/www.leu-anlagenbau.ch\/wp-content\/uploads\/2015\/04\/leu_anlagenbau_image_slideheader_konstruktionen31.jpg\" class=\"attachment-full size-full wp-post-image\" alt=\"\" srcset=\"https:\/\/www.leu-anlagenbau.ch\/wp-content\/uploads\/2015\/04\/leu_anlagenbau_image_slideheader_konstruktionen31.jpg 1500w, https:\/\/www.leu-anlagenbau.ch\/wp-content\/uploads\/2015\/04\/leu_anlagenbau_image_slideheader_konstruktionen31-250x58.jpg 250w, https:\/\/www.leu-anlagenbau.ch\/wp-content\/uploads\/2015\/04\/leu_anlagenbau_image_slideheader_konstruktionen31-700x163.jpg 700w, https:\/\/www.leu-anlagenbau.ch\/wp-content\/uploads\/2015\/04\/leu_anlagenbau_image_slideheader_konstruktionen31-120x28.jpg 120w\" sizes=\"(max-width: 1500px) 100vw, 1500px\" \/><div class=\"carousel-caption\"><h4>Structure &#8211; Slide 1<\/h4><\/div>                <\/div>\n            \n                <div class=\"item \" id=\"cptbc-item-191\" >\n                    <img decoding=\"async\" src=\"https:\/\/www.leu-anlagenbau.ch\/wp-content\/uploads\/2015\/04\/leu_anlagenbau_image_slideheader_konstruktionen41.jpg\" class=\"attachment-full size-full wp-post-image\" alt=\"\" srcset=\"https:\/\/www.leu-anlagenbau.ch\/wp-content\/uploads\/2015\/04\/leu_anlagenbau_image_slideheader_konstruktionen41.jpg 1500w, https:\/\/www.leu-anlagenbau.ch\/wp-content\/uploads\/2015\/04\/leu_anlagenbau_image_slideheader_konstruktionen41-250x58.jpg 250w, https:\/\/www.leu-anlagenbau.ch\/wp-content\/uploads\/2015\/04\/leu_anlagenbau_image_slideheader_konstruktionen41-700x163.jpg 700w, https:\/\/www.leu-anlagenbau.ch\/wp-content\/uploads\/2015\/04\/leu_anlagenbau_image_slideheader_konstruktionen41-120x28.jpg 120w\" sizes=\"(max-width: 1500px) 100vw, 1500px\" \/><div class=\"carousel-caption\"><h4>Structure &#8211; Slide 2<\/h4><\/div>                <\/div>\n            \n                <div class=\"item \" id=\"cptbc-item-193\" >\n                    <img decoding=\"async\" src=\"https:\/\/www.leu-anlagenbau.ch\/wp-content\/uploads\/2015\/04\/leu_anlagenbau_image_slideheader_konstruktionen1.jpg\" class=\"attachment-full size-full wp-post-image\" alt=\"\" srcset=\"https:\/\/www.leu-anlagenbau.ch\/wp-content\/uploads\/2015\/04\/leu_anlagenbau_image_slideheader_konstruktionen1.jpg 1500w, https:\/\/www.leu-anlagenbau.ch\/wp-content\/uploads\/2015\/04\/leu_anlagenbau_image_slideheader_konstruktionen1-250x58.jpg 250w, https:\/\/www.leu-anlagenbau.ch\/wp-content\/uploads\/2015\/04\/leu_anlagenbau_image_slideheader_konstruktionen1-700x163.jpg 700w, https:\/\/www.leu-anlagenbau.ch\/wp-content\/uploads\/2015\/04\/leu_anlagenbau_image_slideheader_konstruktionen1-120x28.jpg 120w\" sizes=\"(max-width: 1500px) 100vw, 1500px\" \/><div class=\"carousel-caption\"><h4>Structure &#8211; Slide 3<\/h4><\/div>                <\/div>\n            \n                <div class=\"item \" id=\"cptbc-item-314\" >\n                    <img decoding=\"async\" src=\"https:\/\/www.leu-anlagenbau.ch\/wp-content\/uploads\/2015\/05\/leu_anlagenbau_image_slideheader_konstruktionen21.jpg\" class=\"attachment-full size-full wp-post-image\" alt=\"\" srcset=\"https:\/\/www.leu-anlagenbau.ch\/wp-content\/uploads\/2015\/05\/leu_anlagenbau_image_slideheader_konstruktionen21.jpg 1500w, https:\/\/www.leu-anlagenbau.ch\/wp-content\/uploads\/2015\/05\/leu_anlagenbau_image_slideheader_konstruktionen21-250x58.jpg 250w, https:\/\/www.leu-anlagenbau.ch\/wp-content\/uploads\/2015\/05\/leu_anlagenbau_image_slideheader_konstruktionen21-700x163.jpg 700w, https:\/\/www.leu-anlagenbau.ch\/wp-content\/uploads\/2015\/05\/leu_anlagenbau_image_slideheader_konstruktionen21-120x28.jpg 120w\" sizes=\"(max-width: 1500px) 100vw, 1500px\" \/><div class=\"carousel-caption\"><h4>Structure &#8211; Slide 3<\/h4><\/div>                <\/div>\n                        <\/div>\n\n                                <a class=\"left carousel-control\" href=\"#cptbc_976\" data-slide=\"prev\"><span class=\"glyphicon glyphicon-chevron-left\"><\/span><\/a>\n                    <a class=\"right carousel-control\" href=\"#cptbc_976\" data-slide=\"next\"><span class=\"glyphicon glyphicon-chevron-right\"><\/span><\/a>\n                \n        <\/div>\n\n                <script type=\"text\/javascript\">\n            jQuery(document).ready(function() {\n                jQuery('#cptbc_976').carousel({\n                    interval: 5000                });\n            });\n        <\/script>\n        [\/vc_column_text][\/vc_column][\/vc_row][vc_row][vc_column width=\u00a0\u00bb1\/6&Prime;][\/vc_column][vc_column width=\u00a0\u00bb2\/3&Prime;][vc_row_inner][vc_column_inner width=\u00a0\u00bb1\/2&Prime;][vc_column_text]\n<h2>Construction<\/h2>\n<p>Les logiciels SolideEdge et Swiss Engineer sont une pr\u00e9cieuse aide lors du d\u00e9veloppement de vos \u00e9quipements sp\u00e9ciaux. Nous sommes en mesure de vous offrir des solutions r\u00e9pondant \u00e0 vos besoins sp\u00e9cifiques, de la conception jusqu\u2019\u00e0 l\u2019\u00e9quipement complet en passant par sa production. Il en va de m\u00eame, m\u00eame si exceptionnellement il ne s\u2019agit pas d\u2019alimentaire.<\/p>\n<p><a href=\"\/fr\/contact\/?contactType=1#contactform\">Formulaire de contact<\/a>[\/vc_column_text][\/vc_column_inner][vc_column_inner width=\u00a0\u00bb1\/2&Prime;][vc_column_text]<a href=\"https:\/\/www.leu-anlagenbau.ch\/wp-content\/uploads\/2022\/06\/Konstruktionsmaus.jpg\"><img loading=\"lazy\" decoding=\"async\" class=\"img-responsive alignnone wp-image-4873 size-full\" src=\"https:\/\/www.leu-anlagenbau.ch\/wp-content\/uploads\/2022\/06\/Konstruktionsmaus.jpg\" alt=\"\" width=\"640\" height=\"360\" srcset=\"https:\/\/www.leu-anlagenbau.ch\/wp-content\/uploads\/2022\/06\/Konstruktionsmaus.jpg 640w, https:\/\/www.leu-anlagenbau.ch\/wp-content\/uploads\/2022\/06\/Konstruktionsmaus-250x141.jpg 250w, https:\/\/www.leu-anlagenbau.ch\/wp-content\/uploads\/2022\/06\/Konstruktionsmaus-120x68.jpg 120w\" sizes=\"auto, (max-width: 640px) 100vw, 640px\" \/><\/a>[\/vc_column_text][\/vc_column_inner][\/vc_row_inner][\/vc_column][vc_column width=\u00a0\u00bb1\/6&Prime;][\/vc_column][\/vc_row]\n<\/div>","protected":false},"excerpt":{"rendered":"[vc_row][vc_column][vc_column_text][\/vc_column_text][\/vc_column][\/vc_row][vc_row][vc_column width=\u00a0\u00bb1\/6&Prime;][\/vc_column][vc_column width=\u00a0\u00bb2\/3&Prime;][vc_row_inner][vc_column_inner width=\u00a0\u00bb1\/2&Prime;][vc_column_text] Construction Les logiciels SolideEdge et Swiss Engineer sont une pr\u00e9cieuse aide lors du d\u00e9veloppement de vos \u00e9quipements sp\u00e9ciaux. Nous sommes en mesure de vous offrir des solutions r\u00e9pondant \u00e0 vos besoins sp\u00e9cifiques, de la conception jusqu\u2019\u00e0 l\u2019\u00e9quipement complet en passant par sa production. Il en va de m\u00eame, m\u00eame si exceptionnellement&#8230; <a class=\"view-article\" href=\"https:\/\/www.leu-anlagenbau.ch\/fr\/cptbc\/structure-slide-3-2\/\">weiterlesen<\/a>","protected":false},"author":1,"featured_media":0,"parent":0,"menu_order":0,"comment_status":"open","ping_status":"open","template":"","meta":{"footnotes":""},"class_list":["post-660","page","type-page","status-publish","hentry"],"yoast_head":"<!-- This site is optimized with the Yoast SEO plugin v27.3 - https:\/\/yoast.com\/product\/yoast-seo-wordpress\/ -->\n<title>LEU Anlagenbau AG - Construction<\/title>\n<meta name=\"robots\" content=\"index, follow, max-snippet:-1, max-image-preview:large, max-video-preview:-1\" \/>\n<link rel=\"canonical\" href=\"https:\/\/www.leu-anlagenbau.ch\/fr\/construction\/\" \/>\n<meta property=\"og:locale\" content=\"fr_FR\" \/>\n<meta property=\"og:type\" content=\"article\" \/>\n<meta property=\"og:title\" content=\"LEU Anlagenbau AG - Construction\" \/>\n<meta property=\"og:description\" content=\"[vc_row][vc_column][vc_column_text][\/vc_column_text][\/vc_column][\/vc_row][vc_row][vc_column width=\u00a0\u00bb1\/6&Prime;][\/vc_column][vc_column width=\u00a0\u00bb2\/3&Prime;][vc_row_inner][vc_column_inner width=\u00a0\u00bb1\/2&Prime;][vc_column_text] Construction Les logiciels SolideEdge et Swiss Engineer sont une pr\u00e9cieuse aide lors du d\u00e9veloppement de vos \u00e9quipements sp\u00e9ciaux. Nous sommes en mesure de vous offrir des solutions r\u00e9pondant \u00e0 vos besoins sp\u00e9cifiques, de la conception jusqu\u2019\u00e0 l\u2019\u00e9quipement complet en passant par sa production. Il en va de m\u00eame, m\u00eame si exceptionnellement... weiterlesen\" \/>\n<meta property=\"og:url\" content=\"https:\/\/www.leu-anlagenbau.ch\/fr\/construction\/\" \/>\n<meta property=\"og:site_name\" content=\"LEU Anlagenbau AG\" \/>\n<meta property=\"article:modified_time\" content=\"2022-06-24T11:03:01+00:00\" \/>\n<meta property=\"og:image\" content=\"https:\/\/www.leu-anlagenbau.ch\/wp-content\/uploads\/2022\/06\/Konstruktionsmaus.jpg\" \/>\n<meta name=\"twitter:card\" content=\"summary_large_image\" \/>\n<meta name=\"twitter:label1\" content=\"Dur\u00e9e de lecture estim\u00e9e\" \/>\n\t<meta name=\"twitter:data1\" content=\"1 minute\" \/>\n<script type=\"application\/ld+json\" class=\"yoast-schema-graph\">{\"@context\":\"https:\\\/\\\/schema.org\",\"@graph\":[{\"@type\":\"WebPage\",\"@id\":\"https:\\\/\\\/www.leu-anlagenbau.ch\\\/fr\\\/construction\\\/\",\"url\":\"https:\\\/\\\/www.leu-anlagenbau.ch\\\/fr\\\/construction\\\/\",\"name\":\"LEU Anlagenbau AG - Construction\",\"isPartOf\":{\"@id\":\"https:\\\/\\\/www.leu-anlagenbau.ch\\\/#website\"},\"primaryImageOfPage\":{\"@id\":\"https:\\\/\\\/www.leu-anlagenbau.ch\\\/fr\\\/construction\\\/#primaryimage\"},\"image\":{\"@id\":\"https:\\\/\\\/www.leu-anlagenbau.ch\\\/fr\\\/construction\\\/#primaryimage\"},\"thumbnailUrl\":\"https:\\\/\\\/www.leu-anlagenbau.ch\\\/wp-content\\\/uploads\\\/2022\\\/06\\\/Konstruktionsmaus.jpg\",\"datePublished\":\"2015-04-14T20:41:41+00:00\",\"dateModified\":\"2022-06-24T11:03:01+00:00\",\"breadcrumb\":{\"@id\":\"https:\\\/\\\/www.leu-anlagenbau.ch\\\/fr\\\/construction\\\/#breadcrumb\"},\"inLanguage\":\"fr-FR\",\"potentialAction\":[{\"@type\":\"ReadAction\",\"target\":[\"https:\\\/\\\/www.leu-anlagenbau.ch\\\/fr\\\/construction\\\/\"]}]},{\"@type\":\"ImageObject\",\"inLanguage\":\"fr-FR\",\"@id\":\"https:\\\/\\\/www.leu-anlagenbau.ch\\\/fr\\\/construction\\\/#primaryimage\",\"url\":\"https:\\\/\\\/www.leu-anlagenbau.ch\\\/wp-content\\\/uploads\\\/2022\\\/06\\\/Konstruktionsmaus.jpg\",\"contentUrl\":\"https:\\\/\\\/www.leu-anlagenbau.ch\\\/wp-content\\\/uploads\\\/2022\\\/06\\\/Konstruktionsmaus.jpg\"},{\"@type\":\"BreadcrumbList\",\"@id\":\"https:\\\/\\\/www.leu-anlagenbau.ch\\\/fr\\\/construction\\\/#breadcrumb\",\"itemListElement\":[{\"@type\":\"ListItem\",\"position\":1,\"name\":\"Home\",\"item\":\"https:\\\/\\\/www.leu-anlagenbau.ch\\\/fr\\\/\"},{\"@type\":\"ListItem\",\"position\":2,\"name\":\"Construction\"}]},{\"@type\":\"WebSite\",\"@id\":\"https:\\\/\\\/www.leu-anlagenbau.ch\\\/#website\",\"url\":\"https:\\\/\\\/www.leu-anlagenbau.ch\\\/\",\"name\":\"LEU Anlagenbau AG\",\"description\":\"\",\"potentialAction\":[{\"@type\":\"SearchAction\",\"target\":{\"@type\":\"EntryPoint\",\"urlTemplate\":\"https:\\\/\\\/www.leu-anlagenbau.ch\\\/?s={search_term_string}\"},\"query-input\":{\"@type\":\"PropertyValueSpecification\",\"valueRequired\":true,\"valueName\":\"search_term_string\"}}],\"inLanguage\":\"fr-FR\"}]}<\/script>\n<!-- \/ Yoast SEO plugin. -->","yoast_head_json":{"title":"LEU Anlagenbau AG - Construction","robots":{"index":"index","follow":"follow","max-snippet":"max-snippet:-1","max-image-preview":"max-image-preview:large","max-video-preview":"max-video-preview:-1"},"canonical":"https:\/\/www.leu-anlagenbau.ch\/fr\/construction\/","og_locale":"fr_FR","og_type":"article","og_title":"LEU Anlagenbau AG - Construction","og_description":"[vc_row][vc_column][vc_column_text][\/vc_column_text][\/vc_column][\/vc_row][vc_row][vc_column width=\u00a0\u00bb1\/6&Prime;][\/vc_column][vc_column width=\u00a0\u00bb2\/3&Prime;][vc_row_inner][vc_column_inner width=\u00a0\u00bb1\/2&Prime;][vc_column_text] Construction Les logiciels SolideEdge et Swiss Engineer sont une pr\u00e9cieuse aide lors du d\u00e9veloppement de vos \u00e9quipements sp\u00e9ciaux. Nous sommes en mesure de vous offrir des solutions r\u00e9pondant \u00e0 vos besoins sp\u00e9cifiques, de la conception jusqu\u2019\u00e0 l\u2019\u00e9quipement complet en passant par sa production. Il en va de m\u00eame, m\u00eame si exceptionnellement... weiterlesen","og_url":"https:\/\/www.leu-anlagenbau.ch\/fr\/construction\/","og_site_name":"LEU Anlagenbau AG","article_modified_time":"2022-06-24T11:03:01+00:00","og_image":[{"url":"https:\/\/www.leu-anlagenbau.ch\/wp-content\/uploads\/2022\/06\/Konstruktionsmaus.jpg","type":"","width":"","height":""}],"twitter_card":"summary_large_image","twitter_misc":{"Dur\u00e9e de lecture estim\u00e9e":"1 minute"},"schema":{"@context":"https:\/\/schema.org","@graph":[{"@type":"WebPage","@id":"https:\/\/www.leu-anlagenbau.ch\/fr\/construction\/","url":"https:\/\/www.leu-anlagenbau.ch\/fr\/construction\/","name":"LEU Anlagenbau AG - Construction","isPartOf":{"@id":"https:\/\/www.leu-anlagenbau.ch\/#website"},"primaryImageOfPage":{"@id":"https:\/\/www.leu-anlagenbau.ch\/fr\/construction\/#primaryimage"},"image":{"@id":"https:\/\/www.leu-anlagenbau.ch\/fr\/construction\/#primaryimage"},"thumbnailUrl":"https:\/\/www.leu-anlagenbau.ch\/wp-content\/uploads\/2022\/06\/Konstruktionsmaus.jpg","datePublished":"2015-04-14T20:41:41+00:00","dateModified":"2022-06-24T11:03:01+00:00","breadcrumb":{"@id":"https:\/\/www.leu-anlagenbau.ch\/fr\/construction\/#breadcrumb"},"inLanguage":"fr-FR","potentialAction":[{"@type":"ReadAction","target":["https:\/\/www.leu-anlagenbau.ch\/fr\/construction\/"]}]},{"@type":"ImageObject","inLanguage":"fr-FR","@id":"https:\/\/www.leu-anlagenbau.ch\/fr\/construction\/#primaryimage","url":"https:\/\/www.leu-anlagenbau.ch\/wp-content\/uploads\/2022\/06\/Konstruktionsmaus.jpg","contentUrl":"https:\/\/www.leu-anlagenbau.ch\/wp-content\/uploads\/2022\/06\/Konstruktionsmaus.jpg"},{"@type":"BreadcrumbList","@id":"https:\/\/www.leu-anlagenbau.ch\/fr\/construction\/#breadcrumb","itemListElement":[{"@type":"ListItem","position":1,"name":"Home","item":"https:\/\/www.leu-anlagenbau.ch\/fr\/"},{"@type":"ListItem","position":2,"name":"Construction"}]},{"@type":"WebSite","@id":"https:\/\/www.leu-anlagenbau.ch\/#website","url":"https:\/\/www.leu-anlagenbau.ch\/","name":"LEU Anlagenbau AG","description":"","potentialAction":[{"@type":"SearchAction","target":{"@type":"EntryPoint","urlTemplate":"https:\/\/www.leu-anlagenbau.ch\/?s={search_term_string}"},"query-input":{"@type":"PropertyValueSpecification","valueRequired":true,"valueName":"search_term_string"}}],"inLanguage":"fr-FR"}]}},"_links":{"self":[{"href":"https:\/\/www.leu-anlagenbau.ch\/fr\/wp-json\/wp\/v2\/pages\/660","targetHints":{"allow":["GET"]}}],"collection":[{"href":"https:\/\/www.leu-anlagenbau.ch\/fr\/wp-json\/wp\/v2\/pages"}],"about":[{"href":"https:\/\/www.leu-anlagenbau.ch\/fr\/wp-json\/wp\/v2\/types\/page"}],"author":[{"embeddable":true,"href":"https:\/\/www.leu-anlagenbau.ch\/fr\/wp-json\/wp\/v2\/users\/1"}],"replies":[{"embeddable":true,"href":"https:\/\/www.leu-anlagenbau.ch\/fr\/wp-json\/wp\/v2\/comments?post=660"}],"version-history":[{"count":10,"href":"https:\/\/www.leu-anlagenbau.ch\/fr\/wp-json\/wp\/v2\/pages\/660\/revisions"}],"predecessor-version":[{"id":4879,"href":"https:\/\/www.leu-anlagenbau.ch\/fr\/wp-json\/wp\/v2\/pages\/660\/revisions\/4879"}],"wp:attachment":[{"href":"https:\/\/www.leu-anlagenbau.ch\/fr\/wp-json\/wp\/v2\/media?parent=660"}],"curies":[{"name":"wp","href":"https:\/\/api.w.org\/{rel}","templated":true}]}}