{"id":633,"date":"2015-04-14T22:41:32","date_gmt":"2015-04-14T20:41:32","guid":{"rendered":"http:\/\/web1246.login-15.loginserver.ch\/ersatzteile-2\/"},"modified":"2016-03-07T21:22:47","modified_gmt":"2016-03-07T20:22:47","slug":"pieces-de-rechange","status":"publish","type":"page","link":"https:\/\/www.leu-anlagenbau.ch\/fr\/pieces-de-rechange\/","title":{"rendered":"Pi\u00e8ces de rechange"},"content":{"rendered":"<div class=\"wpb-content-wrapper\">[vc_row][vc_column width=\u00a0\u00bb1\/1&Prime;][vc_column_text]        <div id=\"cptbc_671\" class=\"carousel slide\"  data-interval=\"5000\">\n\n                                <ol class=\"carousel-indicators\">\n                                            <li data-target=\"#cptbc_671\" data-slide-to=\"0\" class=\"active\"><\/li>\n                                            <li data-target=\"#cptbc_671\" data-slide-to=\"1\" ><\/li>\n                                            <li data-target=\"#cptbc_671\" data-slide-to=\"2\" ><\/li>\n                                            <li data-target=\"#cptbc_671\" data-slide-to=\"3\" ><\/li>\n                                            <li data-target=\"#cptbc_671\" data-slide-to=\"4\" ><\/li>\n                                            <li data-target=\"#cptbc_671\" data-slide-to=\"5\" ><\/li>\n                                        <\/ol>\n                \n            <div class=\"carousel-inner\">\n            \n                <div class=\"item active\" id=\"cptbc-item-178\" >\n                    <img decoding=\"async\" src=\"https:\/\/www.leu-anlagenbau.ch\/wp-content\/uploads\/2015\/04\/leu_anlagenbau_image_slideheader_erstazteile2.jpg\" class=\"attachment-full size-full wp-post-image\" alt=\"\" srcset=\"https:\/\/www.leu-anlagenbau.ch\/wp-content\/uploads\/2015\/04\/leu_anlagenbau_image_slideheader_erstazteile2.jpg 1500w, https:\/\/www.leu-anlagenbau.ch\/wp-content\/uploads\/2015\/04\/leu_anlagenbau_image_slideheader_erstazteile2-250x58.jpg 250w, https:\/\/www.leu-anlagenbau.ch\/wp-content\/uploads\/2015\/04\/leu_anlagenbau_image_slideheader_erstazteile2-700x163.jpg 700w, https:\/\/www.leu-anlagenbau.ch\/wp-content\/uploads\/2015\/04\/leu_anlagenbau_image_slideheader_erstazteile2-120x28.jpg 120w\" sizes=\"(max-width: 1500px) 100vw, 1500px\" \/><div class=\"carousel-caption\"><h4>Service &#8211; Slide 3<\/h4><\/div>                <\/div>\n            \n                <div class=\"item \" id=\"cptbc-item-323\" >\n                    <img decoding=\"async\" src=\"https:\/\/www.leu-anlagenbau.ch\/wp-content\/uploads\/2015\/07\/leu_anlagenbau_image_slideheader_lager3.jpg\" class=\"attachment-full size-full wp-post-image\" alt=\"\" srcset=\"https:\/\/www.leu-anlagenbau.ch\/wp-content\/uploads\/2015\/07\/leu_anlagenbau_image_slideheader_lager3.jpg 1500w, https:\/\/www.leu-anlagenbau.ch\/wp-content\/uploads\/2015\/07\/leu_anlagenbau_image_slideheader_lager3-250x58.jpg 250w, https:\/\/www.leu-anlagenbau.ch\/wp-content\/uploads\/2015\/07\/leu_anlagenbau_image_slideheader_lager3-700x163.jpg 700w, https:\/\/www.leu-anlagenbau.ch\/wp-content\/uploads\/2015\/07\/leu_anlagenbau_image_slideheader_lager3-120x28.jpg 120w\" sizes=\"(max-width: 1500px) 100vw, 1500px\" \/><div class=\"carousel-caption\"><h4>Service &#8211; Slide 6<\/h4><\/div>                <\/div>\n            \n                <div class=\"item \" id=\"cptbc-item-1451\" >\n                    <img decoding=\"async\" src=\"https:\/\/www.leu-anlagenbau.ch\/wp-content\/uploads\/2015\/11\/LEUAnlagenbau_Image_SlideHeader_Ersatzteile_2.jpg\" class=\"attachment-full size-full wp-post-image\" alt=\"\" srcset=\"https:\/\/www.leu-anlagenbau.ch\/wp-content\/uploads\/2015\/11\/LEUAnlagenbau_Image_SlideHeader_Ersatzteile_2.jpg 1500w, https:\/\/www.leu-anlagenbau.ch\/wp-content\/uploads\/2015\/11\/LEUAnlagenbau_Image_SlideHeader_Ersatzteile_2-250x58.jpg 250w, https:\/\/www.leu-anlagenbau.ch\/wp-content\/uploads\/2015\/11\/LEUAnlagenbau_Image_SlideHeader_Ersatzteile_2-700x163.jpg 700w, https:\/\/www.leu-anlagenbau.ch\/wp-content\/uploads\/2015\/11\/LEUAnlagenbau_Image_SlideHeader_Ersatzteile_2-120x28.jpg 120w\" sizes=\"(max-width: 1500px) 100vw, 1500px\" \/><div class=\"carousel-caption\"><h4>Service Slide 2<\/h4><\/div>                <\/div>\n            \n                <div class=\"item \" id=\"cptbc-item-174\" >\n                    <img decoding=\"async\" src=\"https:\/\/www.leu-anlagenbau.ch\/wp-content\/uploads\/2015\/04\/leu_anlagenbau_image_slideheader_erstazteile6.jpg\" class=\"attachment-full size-full wp-post-image\" alt=\"\" srcset=\"https:\/\/www.leu-anlagenbau.ch\/wp-content\/uploads\/2015\/04\/leu_anlagenbau_image_slideheader_erstazteile6.jpg 1500w, https:\/\/www.leu-anlagenbau.ch\/wp-content\/uploads\/2015\/04\/leu_anlagenbau_image_slideheader_erstazteile6-250x58.jpg 250w, https:\/\/www.leu-anlagenbau.ch\/wp-content\/uploads\/2015\/04\/leu_anlagenbau_image_slideheader_erstazteile6-700x163.jpg 700w, https:\/\/www.leu-anlagenbau.ch\/wp-content\/uploads\/2015\/04\/leu_anlagenbau_image_slideheader_erstazteile6-120x28.jpg 120w\" sizes=\"(max-width: 1500px) 100vw, 1500px\" \/><div class=\"carousel-caption\"><h4>Service &#8211; Slide 1<\/h4><\/div>                <\/div>\n            \n                <div class=\"item \" id=\"cptbc-item-319\" >\n                    <img decoding=\"async\" src=\"https:\/\/www.leu-anlagenbau.ch\/wp-content\/uploads\/2015\/05\/leu_anlagenbau_image_slideheader_erstazteile3.jpg\" class=\"attachment-full size-full wp-post-image\" alt=\"\" srcset=\"https:\/\/www.leu-anlagenbau.ch\/wp-content\/uploads\/2015\/05\/leu_anlagenbau_image_slideheader_erstazteile3.jpg 1500w, https:\/\/www.leu-anlagenbau.ch\/wp-content\/uploads\/2015\/05\/leu_anlagenbau_image_slideheader_erstazteile3-250x58.jpg 250w, https:\/\/www.leu-anlagenbau.ch\/wp-content\/uploads\/2015\/05\/leu_anlagenbau_image_slideheader_erstazteile3-700x163.jpg 700w, https:\/\/www.leu-anlagenbau.ch\/wp-content\/uploads\/2015\/05\/leu_anlagenbau_image_slideheader_erstazteile3-120x28.jpg 120w\" sizes=\"(max-width: 1500px) 100vw, 1500px\" \/><div class=\"carousel-caption\"><h4>Service &#8211; Slide 4<\/h4><\/div>                <\/div>\n            \n                <div class=\"item \" id=\"cptbc-item-321\" >\n                    <img decoding=\"async\" src=\"https:\/\/www.leu-anlagenbau.ch\/wp-content\/uploads\/2015\/05\/leu_anlagenbau_image_slideheader_erstazteile4.jpg\" class=\"attachment-full size-full wp-post-image\" alt=\"\" srcset=\"https:\/\/www.leu-anlagenbau.ch\/wp-content\/uploads\/2015\/05\/leu_anlagenbau_image_slideheader_erstazteile4.jpg 1500w, https:\/\/www.leu-anlagenbau.ch\/wp-content\/uploads\/2015\/05\/leu_anlagenbau_image_slideheader_erstazteile4-250x58.jpg 250w, https:\/\/www.leu-anlagenbau.ch\/wp-content\/uploads\/2015\/05\/leu_anlagenbau_image_slideheader_erstazteile4-700x163.jpg 700w, https:\/\/www.leu-anlagenbau.ch\/wp-content\/uploads\/2015\/05\/leu_anlagenbau_image_slideheader_erstazteile4-120x28.jpg 120w\" sizes=\"(max-width: 1500px) 100vw, 1500px\" \/><div class=\"carousel-caption\"><h4>Service &#8211; Slide 5<\/h4><\/div>                <\/div>\n                        <\/div>\n\n                                <a class=\"left carousel-control\" href=\"#cptbc_671\" data-slide=\"prev\"><span class=\"glyphicon glyphicon-chevron-left\"><\/span><\/a>\n                    <a class=\"right carousel-control\" href=\"#cptbc_671\" data-slide=\"next\"><span class=\"glyphicon glyphicon-chevron-right\"><\/span><\/a>\n                \n        <\/div>\n\n                <script type=\"text\/javascript\">\n            jQuery(document).ready(function() {\n                jQuery('#cptbc_671').carousel({\n                    interval: 5000                });\n            });\n        <\/script>\n        [\/vc_column_text][\/vc_column][\/vc_row][vc_row][vc_column width=\u00a0\u00bb1\/6&Prime;][\/vc_column][vc_column width=\u00a0\u00bb2\/3&Prime;][vc_row_inner][vc_column_inner width=\u00a0\u00bb1\/2&Prime;][vc_column_text]\n<h2>Accessoires appropri\u00e9s \u2013 Lubrifiants efficaces \u2013 Pi\u00e8ces de rechange d\u2019origine<\/h2>\n<p>Notre vaste stock de pi\u00e8ces de rechange nous permet d\u2019exp\u00e9dier le jour m\u00eame la plupart des pi\u00e8ces command\u00e9es avant 15 heures.<\/p>\n<p><a title=\"Kontakt\" href=\"\/fr\/contact\/?contactType=2#contactform\">Formulaire de contact<\/a>[\/vc_column_text][\/vc_column_inner][vc_column_inner width=\u00a0\u00bb1\/2&Prime;][vc_column_text]<img loading=\"lazy\" decoding=\"async\" width=\"640\" height=\"360\" class=\"img-responsive  alignnone size-full wp-image-1305\" src=\"https:\/\/www.leu-anlagenbau.ch\/wp-content\/uploads\/2015\/07\/leu_anlagenbau_image_content_lager_neu12.jpg\" alt=\"leu_anlagenbau_image_content_lager_neu12\" srcset=\"https:\/\/www.leu-anlagenbau.ch\/wp-content\/uploads\/2015\/07\/leu_anlagenbau_image_content_lager_neu12.jpg 640w, https:\/\/www.leu-anlagenbau.ch\/wp-content\/uploads\/2015\/07\/leu_anlagenbau_image_content_lager_neu12-250x141.jpg 250w, https:\/\/www.leu-anlagenbau.ch\/wp-content\/uploads\/2015\/07\/leu_anlagenbau_image_content_lager_neu12-120x68.jpg 120w\" sizes=\"auto, (max-width: 640px) 100vw, 640px\" \/>[\/vc_column_text][\/vc_column_inner][\/vc_row_inner][\/vc_column][vc_column width=\u00a0\u00bb1\/6&Prime;][\/vc_column][\/vc_row]\n<\/div>","protected":false},"excerpt":{"rendered":"[vc_row][vc_column width=\u00a0\u00bb1\/1&Prime;][vc_column_text][\/vc_column_text][\/vc_column][\/vc_row][vc_row][vc_column width=\u00a0\u00bb1\/6&Prime;][\/vc_column][vc_column width=\u00a0\u00bb2\/3&Prime;][vc_row_inner][vc_column_inner width=\u00a0\u00bb1\/2&Prime;][vc_column_text] Accessoires appropri\u00e9s \u2013 Lubrifiants efficaces \u2013 Pi\u00e8ces de rechange d\u2019origine Notre vaste stock de pi\u00e8ces de rechange nous permet d\u2019exp\u00e9dier le jour m\u00eame la plupart des pi\u00e8ces command\u00e9es avant 15 heures. Formulaire de contact[\/vc_column_text][\/vc_column_inner][vc_column_inner width=\u00a0\u00bb1\/2&Prime;][vc_column_text][\/vc_column_text][\/vc_column_inner][\/vc_row_inner][\/vc_column][vc_column width=\u00a0\u00bb1\/6&Prime;][\/vc_column][\/vc_row]","protected":false},"author":1,"featured_media":0,"parent":0,"menu_order":0,"comment_status":"open","ping_status":"open","template":"","meta":{"footnotes":""},"class_list":["post-633","page","type-page","status-publish","hentry"],"yoast_head":"<!-- This site is optimized with the Yoast SEO plugin v27.3 - https:\/\/yoast.com\/product\/yoast-seo-wordpress\/ -->\n<title>LEU Anlagenbau AG - Pi\u00e8ces de rechange<\/title>\n<meta name=\"robots\" content=\"index, follow, max-snippet:-1, max-image-preview:large, max-video-preview:-1\" \/>\n<link rel=\"canonical\" href=\"https:\/\/www.leu-anlagenbau.ch\/fr\/pieces-de-rechange\/\" \/>\n<meta property=\"og:locale\" content=\"fr_FR\" \/>\n<meta property=\"og:type\" content=\"article\" \/>\n<meta property=\"og:title\" content=\"LEU Anlagenbau AG - Pi\u00e8ces de rechange\" \/>\n<meta property=\"og:description\" content=\"[vc_row][vc_column width=\u00a0\u00bb1\/1&Prime;][vc_column_text][\/vc_column_text][\/vc_column][\/vc_row][vc_row][vc_column width=\u00a0\u00bb1\/6&Prime;][\/vc_column][vc_column width=\u00a0\u00bb2\/3&Prime;][vc_row_inner][vc_column_inner width=\u00a0\u00bb1\/2&Prime;][vc_column_text] Accessoires appropri\u00e9s \u2013 Lubrifiants efficaces \u2013 Pi\u00e8ces de rechange d\u2019origine Notre vaste stock de pi\u00e8ces de rechange nous permet d\u2019exp\u00e9dier le jour m\u00eame la plupart des pi\u00e8ces command\u00e9es avant 15 heures. Formulaire de contact[\/vc_column_text][\/vc_column_inner][vc_column_inner width=\u00a0\u00bb1\/2&Prime;][vc_column_text][\/vc_column_text][\/vc_column_inner][\/vc_row_inner][\/vc_column][vc_column width=\u00a0\u00bb1\/6&Prime;][\/vc_column][\/vc_row]\" \/>\n<meta property=\"og:url\" content=\"https:\/\/www.leu-anlagenbau.ch\/fr\/pieces-de-rechange\/\" \/>\n<meta property=\"og:site_name\" content=\"LEU Anlagenbau AG\" \/>\n<meta property=\"article:modified_time\" content=\"2016-03-07T20:22:47+00:00\" \/>\n<meta property=\"og:image\" content=\"https:\/\/www.leu-anlagenbau.ch\/wp-content\/uploads\/2015\/07\/leu_anlagenbau_image_content_lager_neu12.jpg\" \/>\n<meta name=\"twitter:card\" content=\"summary_large_image\" \/>\n<meta name=\"twitter:label1\" content=\"Dur\u00e9e de lecture estim\u00e9e\" \/>\n\t<meta name=\"twitter:data1\" content=\"1 minute\" \/>\n<script type=\"application\/ld+json\" class=\"yoast-schema-graph\">{\"@context\":\"https:\\\/\\\/schema.org\",\"@graph\":[{\"@type\":\"WebPage\",\"@id\":\"https:\\\/\\\/www.leu-anlagenbau.ch\\\/fr\\\/pieces-de-rechange\\\/\",\"url\":\"https:\\\/\\\/www.leu-anlagenbau.ch\\\/fr\\\/pieces-de-rechange\\\/\",\"name\":\"LEU Anlagenbau AG - Pi\u00e8ces de rechange\",\"isPartOf\":{\"@id\":\"https:\\\/\\\/www.leu-anlagenbau.ch\\\/#website\"},\"primaryImageOfPage\":{\"@id\":\"https:\\\/\\\/www.leu-anlagenbau.ch\\\/fr\\\/pieces-de-rechange\\\/#primaryimage\"},\"image\":{\"@id\":\"https:\\\/\\\/www.leu-anlagenbau.ch\\\/fr\\\/pieces-de-rechange\\\/#primaryimage\"},\"thumbnailUrl\":\"https:\\\/\\\/www.leu-anlagenbau.ch\\\/wp-content\\\/uploads\\\/2015\\\/07\\\/leu_anlagenbau_image_content_lager_neu12.jpg\",\"datePublished\":\"2015-04-14T20:41:32+00:00\",\"dateModified\":\"2016-03-07T20:22:47+00:00\",\"breadcrumb\":{\"@id\":\"https:\\\/\\\/www.leu-anlagenbau.ch\\\/fr\\\/pieces-de-rechange\\\/#breadcrumb\"},\"inLanguage\":\"fr-FR\",\"potentialAction\":[{\"@type\":\"ReadAction\",\"target\":[\"https:\\\/\\\/www.leu-anlagenbau.ch\\\/fr\\\/pieces-de-rechange\\\/\"]}]},{\"@type\":\"ImageObject\",\"inLanguage\":\"fr-FR\",\"@id\":\"https:\\\/\\\/www.leu-anlagenbau.ch\\\/fr\\\/pieces-de-rechange\\\/#primaryimage\",\"url\":\"https:\\\/\\\/www.leu-anlagenbau.ch\\\/wp-content\\\/uploads\\\/2015\\\/07\\\/leu_anlagenbau_image_content_lager_neu12.jpg\",\"contentUrl\":\"https:\\\/\\\/www.leu-anlagenbau.ch\\\/wp-content\\\/uploads\\\/2015\\\/07\\\/leu_anlagenbau_image_content_lager_neu12.jpg\"},{\"@type\":\"BreadcrumbList\",\"@id\":\"https:\\\/\\\/www.leu-anlagenbau.ch\\\/fr\\\/pieces-de-rechange\\\/#breadcrumb\",\"itemListElement\":[{\"@type\":\"ListItem\",\"position\":1,\"name\":\"Home\",\"item\":\"https:\\\/\\\/www.leu-anlagenbau.ch\\\/fr\\\/\"},{\"@type\":\"ListItem\",\"position\":2,\"name\":\"Pi\u00e8ces de rechange\"}]},{\"@type\":\"WebSite\",\"@id\":\"https:\\\/\\\/www.leu-anlagenbau.ch\\\/#website\",\"url\":\"https:\\\/\\\/www.leu-anlagenbau.ch\\\/\",\"name\":\"LEU Anlagenbau AG\",\"description\":\"\",\"potentialAction\":[{\"@type\":\"SearchAction\",\"target\":{\"@type\":\"EntryPoint\",\"urlTemplate\":\"https:\\\/\\\/www.leu-anlagenbau.ch\\\/?s={search_term_string}\"},\"query-input\":{\"@type\":\"PropertyValueSpecification\",\"valueRequired\":true,\"valueName\":\"search_term_string\"}}],\"inLanguage\":\"fr-FR\"}]}<\/script>\n<!-- \/ Yoast SEO plugin. -->","yoast_head_json":{"title":"LEU Anlagenbau AG - Pi\u00e8ces de rechange","robots":{"index":"index","follow":"follow","max-snippet":"max-snippet:-1","max-image-preview":"max-image-preview:large","max-video-preview":"max-video-preview:-1"},"canonical":"https:\/\/www.leu-anlagenbau.ch\/fr\/pieces-de-rechange\/","og_locale":"fr_FR","og_type":"article","og_title":"LEU Anlagenbau AG - Pi\u00e8ces de rechange","og_description":"[vc_row][vc_column width=\u00a0\u00bb1\/1&Prime;][vc_column_text][\/vc_column_text][\/vc_column][\/vc_row][vc_row][vc_column width=\u00a0\u00bb1\/6&Prime;][\/vc_column][vc_column width=\u00a0\u00bb2\/3&Prime;][vc_row_inner][vc_column_inner width=\u00a0\u00bb1\/2&Prime;][vc_column_text] Accessoires appropri\u00e9s \u2013 Lubrifiants efficaces \u2013 Pi\u00e8ces de rechange d\u2019origine Notre vaste stock de pi\u00e8ces de rechange nous permet d\u2019exp\u00e9dier le jour m\u00eame la plupart des pi\u00e8ces command\u00e9es avant 15 heures. Formulaire de contact[\/vc_column_text][\/vc_column_inner][vc_column_inner width=\u00a0\u00bb1\/2&Prime;][vc_column_text][\/vc_column_text][\/vc_column_inner][\/vc_row_inner][\/vc_column][vc_column width=\u00a0\u00bb1\/6&Prime;][\/vc_column][\/vc_row]","og_url":"https:\/\/www.leu-anlagenbau.ch\/fr\/pieces-de-rechange\/","og_site_name":"LEU Anlagenbau AG","article_modified_time":"2016-03-07T20:22:47+00:00","og_image":[{"url":"https:\/\/www.leu-anlagenbau.ch\/wp-content\/uploads\/2015\/07\/leu_anlagenbau_image_content_lager_neu12.jpg","type":"","width":"","height":""}],"twitter_card":"summary_large_image","twitter_misc":{"Dur\u00e9e de lecture estim\u00e9e":"1 minute"},"schema":{"@context":"https:\/\/schema.org","@graph":[{"@type":"WebPage","@id":"https:\/\/www.leu-anlagenbau.ch\/fr\/pieces-de-rechange\/","url":"https:\/\/www.leu-anlagenbau.ch\/fr\/pieces-de-rechange\/","name":"LEU Anlagenbau AG - Pi\u00e8ces de rechange","isPartOf":{"@id":"https:\/\/www.leu-anlagenbau.ch\/#website"},"primaryImageOfPage":{"@id":"https:\/\/www.leu-anlagenbau.ch\/fr\/pieces-de-rechange\/#primaryimage"},"image":{"@id":"https:\/\/www.leu-anlagenbau.ch\/fr\/pieces-de-rechange\/#primaryimage"},"thumbnailUrl":"https:\/\/www.leu-anlagenbau.ch\/wp-content\/uploads\/2015\/07\/leu_anlagenbau_image_content_lager_neu12.jpg","datePublished":"2015-04-14T20:41:32+00:00","dateModified":"2016-03-07T20:22:47+00:00","breadcrumb":{"@id":"https:\/\/www.leu-anlagenbau.ch\/fr\/pieces-de-rechange\/#breadcrumb"},"inLanguage":"fr-FR","potentialAction":[{"@type":"ReadAction","target":["https:\/\/www.leu-anlagenbau.ch\/fr\/pieces-de-rechange\/"]}]},{"@type":"ImageObject","inLanguage":"fr-FR","@id":"https:\/\/www.leu-anlagenbau.ch\/fr\/pieces-de-rechange\/#primaryimage","url":"https:\/\/www.leu-anlagenbau.ch\/wp-content\/uploads\/2015\/07\/leu_anlagenbau_image_content_lager_neu12.jpg","contentUrl":"https:\/\/www.leu-anlagenbau.ch\/wp-content\/uploads\/2015\/07\/leu_anlagenbau_image_content_lager_neu12.jpg"},{"@type":"BreadcrumbList","@id":"https:\/\/www.leu-anlagenbau.ch\/fr\/pieces-de-rechange\/#breadcrumb","itemListElement":[{"@type":"ListItem","position":1,"name":"Home","item":"https:\/\/www.leu-anlagenbau.ch\/fr\/"},{"@type":"ListItem","position":2,"name":"Pi\u00e8ces de rechange"}]},{"@type":"WebSite","@id":"https:\/\/www.leu-anlagenbau.ch\/#website","url":"https:\/\/www.leu-anlagenbau.ch\/","name":"LEU Anlagenbau AG","description":"","potentialAction":[{"@type":"SearchAction","target":{"@type":"EntryPoint","urlTemplate":"https:\/\/www.leu-anlagenbau.ch\/?s={search_term_string}"},"query-input":{"@type":"PropertyValueSpecification","valueRequired":true,"valueName":"search_term_string"}}],"inLanguage":"fr-FR"}]}},"_links":{"self":[{"href":"https:\/\/www.leu-anlagenbau.ch\/fr\/wp-json\/wp\/v2\/pages\/633","targetHints":{"allow":["GET"]}}],"collection":[{"href":"https:\/\/www.leu-anlagenbau.ch\/fr\/wp-json\/wp\/v2\/pages"}],"about":[{"href":"https:\/\/www.leu-anlagenbau.ch\/fr\/wp-json\/wp\/v2\/types\/page"}],"author":[{"embeddable":true,"href":"https:\/\/www.leu-anlagenbau.ch\/fr\/wp-json\/wp\/v2\/users\/1"}],"replies":[{"embeddable":true,"href":"https:\/\/www.leu-anlagenbau.ch\/fr\/wp-json\/wp\/v2\/comments?post=633"}],"version-history":[{"count":11,"href":"https:\/\/www.leu-anlagenbau.ch\/fr\/wp-json\/wp\/v2\/pages\/633\/revisions"}],"predecessor-version":[{"id":2130,"href":"https:\/\/www.leu-anlagenbau.ch\/fr\/wp-json\/wp\/v2\/pages\/633\/revisions\/2130"}],"wp:attachment":[{"href":"https:\/\/www.leu-anlagenbau.ch\/fr\/wp-json\/wp\/v2\/media?parent=633"}],"curies":[{"name":"wp","href":"https:\/\/api.w.org\/{rel}","templated":true}]}}