{"id":4824,"date":"2022-06-24T08:15:33","date_gmt":"2022-06-24T06:15:33","guid":{"rendered":"https:\/\/www.leu-anlagenbau.ch\/?page_id=4824"},"modified":"2025-11-24T09:25:10","modified_gmt":"2025-11-24T08:25:10","slug":"equipe","status":"publish","type":"page","link":"https:\/\/www.leu-anlagenbau.ch\/fr\/equipe\/","title":{"rendered":"Team"},"content":{"rendered":"<div class=\"wpb-content-wrapper\">[vc_row][vc_column][vc_column_text]        <div id=\"cptbc_841\" class=\"carousel slide\"  data-interval=\"5000\">\n\n                                <ol class=\"carousel-indicators\">\n                                            <li data-target=\"#cptbc_841\" data-slide-to=\"0\" class=\"active\"><\/li>\n                                            <li data-target=\"#cptbc_841\" data-slide-to=\"1\" ><\/li>\n                                            <li data-target=\"#cptbc_841\" data-slide-to=\"2\" ><\/li>\n                                            <li data-target=\"#cptbc_841\" data-slide-to=\"3\" ><\/li>\n                                        <\/ol>\n                \n            <div class=\"carousel-inner\">\n            \n                <div class=\"item active\" id=\"cptbc-item-145\" >\n                    <img decoding=\"async\" src=\"https:\/\/www.leu-anlagenbau.ch\/wp-content\/uploads\/2015\/04\/leu_anlagenbau_image_slideheader_kontakt2.jpg\" class=\"attachment-full size-full wp-post-image\" alt=\"\" srcset=\"https:\/\/www.leu-anlagenbau.ch\/wp-content\/uploads\/2015\/04\/leu_anlagenbau_image_slideheader_kontakt2.jpg 1500w, https:\/\/www.leu-anlagenbau.ch\/wp-content\/uploads\/2015\/04\/leu_anlagenbau_image_slideheader_kontakt2-250x58.jpg 250w, https:\/\/www.leu-anlagenbau.ch\/wp-content\/uploads\/2015\/04\/leu_anlagenbau_image_slideheader_kontakt2-700x163.jpg 700w, https:\/\/www.leu-anlagenbau.ch\/wp-content\/uploads\/2015\/04\/leu_anlagenbau_image_slideheader_kontakt2-120x28.jpg 120w\" sizes=\"(max-width: 1500px) 100vw, 1500px\" \/><div class=\"carousel-caption\"><h4>Contact &#8211; Slide 1<\/h4><\/div>                <\/div>\n            \n                <div class=\"item \" id=\"cptbc-item-1829\" >\n                    <img decoding=\"async\" src=\"https:\/\/www.leu-anlagenbau.ch\/wp-content\/uploads\/2015\/04\/leu_anlagenbau_image_slideheader_kontakt3.jpg\" class=\"attachment-full size-full wp-post-image\" alt=\"\" srcset=\"https:\/\/www.leu-anlagenbau.ch\/wp-content\/uploads\/2015\/04\/leu_anlagenbau_image_slideheader_kontakt3.jpg 1500w, https:\/\/www.leu-anlagenbau.ch\/wp-content\/uploads\/2015\/04\/leu_anlagenbau_image_slideheader_kontakt3-250x58.jpg 250w, https:\/\/www.leu-anlagenbau.ch\/wp-content\/uploads\/2015\/04\/leu_anlagenbau_image_slideheader_kontakt3-700x163.jpg 700w, https:\/\/www.leu-anlagenbau.ch\/wp-content\/uploads\/2015\/04\/leu_anlagenbau_image_slideheader_kontakt3-120x28.jpg 120w\" sizes=\"(max-width: 1500px) 100vw, 1500px\" \/><div class=\"carousel-caption\"><h4>Contact &#8211; Slide 2<\/h4><\/div>                <\/div>\n            \n                <div class=\"item \" id=\"cptbc-item-1830\" >\n                    <img decoding=\"async\" src=\"https:\/\/www.leu-anlagenbau.ch\/wp-content\/uploads\/2015\/05\/leu_anlagenbau_image_slideheader_kontakt5.jpg\" class=\"attachment-full size-full wp-post-image\" alt=\"\" srcset=\"https:\/\/www.leu-anlagenbau.ch\/wp-content\/uploads\/2015\/05\/leu_anlagenbau_image_slideheader_kontakt5.jpg 1500w, https:\/\/www.leu-anlagenbau.ch\/wp-content\/uploads\/2015\/05\/leu_anlagenbau_image_slideheader_kontakt5-250x58.jpg 250w, https:\/\/www.leu-anlagenbau.ch\/wp-content\/uploads\/2015\/05\/leu_anlagenbau_image_slideheader_kontakt5-700x163.jpg 700w, https:\/\/www.leu-anlagenbau.ch\/wp-content\/uploads\/2015\/05\/leu_anlagenbau_image_slideheader_kontakt5-120x28.jpg 120w\" sizes=\"(max-width: 1500px) 100vw, 1500px\" \/><div class=\"carousel-caption\"><h4>Contact &#8211; Slide 3<\/h4><\/div>                <\/div>\n            \n                <div class=\"item \" id=\"cptbc-item-333\" >\n                    <img decoding=\"async\" src=\"https:\/\/www.leu-anlagenbau.ch\/wp-content\/uploads\/2015\/05\/leu_anlagenbau_image_slideheader_kontakt4.jpg\" class=\"attachment-full size-full wp-post-image\" alt=\"\" srcset=\"https:\/\/www.leu-anlagenbau.ch\/wp-content\/uploads\/2015\/05\/leu_anlagenbau_image_slideheader_kontakt4.jpg 1500w, https:\/\/www.leu-anlagenbau.ch\/wp-content\/uploads\/2015\/05\/leu_anlagenbau_image_slideheader_kontakt4-250x58.jpg 250w, https:\/\/www.leu-anlagenbau.ch\/wp-content\/uploads\/2015\/05\/leu_anlagenbau_image_slideheader_kontakt4-700x163.jpg 700w, https:\/\/www.leu-anlagenbau.ch\/wp-content\/uploads\/2015\/05\/leu_anlagenbau_image_slideheader_kontakt4-120x28.jpg 120w\" sizes=\"(max-width: 1500px) 100vw, 1500px\" \/><div class=\"carousel-caption\"><h4>Contact \u2013 Slide 4<\/h4><\/div>                <\/div>\n                        <\/div>\n\n                                <a class=\"left carousel-control\" href=\"#cptbc_841\" data-slide=\"prev\"><span class=\"glyphicon glyphicon-chevron-left\"><\/span><\/a>\n                    <a class=\"right carousel-control\" href=\"#cptbc_841\" data-slide=\"next\"><span class=\"glyphicon glyphicon-chevron-right\"><\/span><\/a>\n                \n        <\/div>\n\n                <script type=\"text\/javascript\">\n            jQuery(document).ready(function() {\n                jQuery('#cptbc_841').carousel({\n                    interval: 5000                });\n            });\n        <\/script>\n        [\/vc_column_text][\/vc_column][\/vc_row][vc_row][vc_column width=\u00a0\u00bb1\/6&Prime;][\/vc_column][vc_column width=\u00a0\u00bb2\/3&Prime;][vc_separator][vc_row_inner][vc_column_inner width=\u00a0\u00bb1\/2&Prime;][vc_single_image image=\u00a0\u00bb5020&Prime; img_size=\u00a0\u00bblarge\u00a0\u00bb][\/vc_column_inner][vc_column_inner width=\u00a0\u00bb1\/2&Prime;][vc_column_text css=\u00a0\u00bb\u00a0\u00bb]\n<h2><strong>Direction<\/strong><\/h2>\n<p>D\u2019abord soci\u00e9t\u00e9 individuelle, LEU s\u2019est d\u00e9velop-p\u00e9e pour devenir une petite entreprise de plus de 40 collaboratrices et collaborateurs.<\/p>\n<p>Directeur d&rsquo;entreprise <strong>Thomas Kilchenmann<\/strong> (<a href=\"mailto:thomas.kilchenmann@leu-anlagenbau.ch\">thomas.kilchenmann@leu-anlagenbau.ch<\/a>)<br \/>\n(\u00e0 gauche sur la photo)<\/p>\n<p>Directeur g\u00e9n\u00e9ral adjoint &amp; responsable du d\u00e9partement construction<br \/>\n<strong>Thomas Zenger<\/strong> (<a href=\"mailto:thomas.zenger@leu-anlagenbau.ch\" target=\"_blank\" rel=\"noopener noreferrer\">thomas.zenger@leu-anlagenbau.ch<\/a>)<br \/>\n(\u00e0 droite sur la photo)<\/p>\n<p>&nbsp;<\/p>\n<p>&nbsp;<\/p>\n<h2>Construction<\/h2>\n<p>Les diff\u00e9rents d\u00e9partements cr\u00e9atifs travaillent main dans la main afin de rendre le travail de plus en plus efficace et convivial. Chaque id\u00e9e innovatrice combin\u00e9e avec un large savoir-faire se retrouve finalement dans nos machines.[\/vc_column_text][\/vc_column_inner][\/vc_row_inner][vc_separator][\/vc_column][vc_column width=\u00a0\u00bb1\/6&Prime;][\/vc_column][\/vc_row][vc_row][vc_column width=\u00a0\u00bb1\/6&Prime;][\/vc_column][vc_column width=\u00a0\u00bb2\/3&Prime;][vc_row_inner][vc_column_inner width=\u00a0\u00bb1\/2&Prime;][vc_column_text css=\u00a0\u00bb\u00a0\u00bb]\n<h2>Vente<\/h2>\n<p>Soins du fromage individuels &#8211; construits selon vos souhaits !<\/p>\n<p>Vente <strong>Jakob Weltert<\/strong> (<a href=\"mailto:jakob.weltert@leu-anlagenbau.ch\">jakob.weltert@leu-anlagenbau.ch<\/a>)<\/p>\n<p>Marketing &amp; Vente <strong>Lorin Reber<\/strong> (<a href=\"mailto:lorin.reber@leu-anlagenbau.ch\">lorin.reber@leu-anlagenbau.ch<\/a>[\/vc_column_text][\/vc_column_inner][vc_column_inner width=\u00a0\u00bb1\/2&Prime;][vc_single_image image=\u00a0\u00bb5600&Prime; img_size=\u00a0\u00bbfull\u00a0\u00bb alignment=\u00a0\u00bbright\u00a0\u00bb][\/vc_column_inner][\/vc_row_inner][vc_separator][vc_row_inner][vc_column_inner width=\u00a0\u00bb1\/2&Prime;][vc_column_text css=\u00a0\u00bb\u00a0\u00bb]\n<h2>Vente en france<\/h2>\n<p>Soins du fromage individuels \u2013 construits selon vos souhaits !<\/p>\n<p>Vente <strong>S\u00e9bastien Simon<\/strong> (<a href=\"mailto:sebastien.simon@leu-anlagenbau.ch\">sebastien.simon@leu-anlagenbau.ch<\/a>)[\/vc_column_text][\/vc_column_inner][vc_column_inner width=\u00a0\u00bb1\/2&Prime;][vc_single_image image=\u00a0\u00bb6002&Prime; img_size=\u00a0\u00bb700&#215;394&Prime; css=\u00a0\u00bb\u00a0\u00bb][\/vc_column_inner][\/vc_row_inner][\/vc_column][vc_column width=\u00a0\u00bb1\/6&Prime;][\/vc_column][\/vc_row][vc_row][vc_column width=\u00a0\u00bb1\/6&Prime;][\/vc_column][vc_column width=\u00a0\u00bb2\/3&Prime;][vc_row_inner][vc_column_inner width=\u00a0\u00bb1\/2&Prime;][vc_single_image image=\u00a0\u00bb6560&Prime; img_size=\u00a0\u00bb700&#215;394&Prime; css=\u00a0\u00bb\u00a0\u00bb][\/vc_column_inner][vc_column_inner width=\u00a0\u00bb1\/2&Prime;][vc_column_text css=\u00a0\u00bb\u00a0\u00bb]\n<h2>Commandes et logiciels<\/h2>\n<p>Notre grande exp\u00e9rience et notre savoir-faire ac-quis jour apr\u00e8s jour se retrouvent dans tout nouveau projet, insufflent vie \u00e0 nos machines et permettent d\u2019optimiser chaque \u00e9tape du travail et chaque mouvement.<\/p>\n<p>Responsable du d\u00e9partement <strong>Stefan Baumann <\/strong>(<a href=\"mailto:stefan.baumann@leu-anlagenbau.ch\">stefan.baumann@leu-anlagenbau.ch<\/a>)[\/vc_column_text][\/vc_column_inner][\/vc_row_inner][vc_separator][\/vc_column][vc_column width=\u00a0\u00bb1\/6&Prime;][\/vc_column][\/vc_row][vc_row][vc_column width=\u00a0\u00bb1\/6&Prime;][\/vc_column][vc_column width=\u00a0\u00bb2\/3&Prime;][vc_row_inner][vc_column_inner width=\u00a0\u00bb1\/2&Prime;][vc_column_text css=\u00a0\u00bb\u00a0\u00bb]\n<h2>Commandes Montage<\/h2>\n<p><span id=\"result_box\" lang=\"fr\">Ici, nous posons les pierres de fondation pour que la machine puisse bouger et que les informations arrivent \u00e0 temps et ne soient pas d\u00e9rang\u00e9es dans toute la machine. Lors de l&rsquo;achat des composants \u00e9lectriques, nous attachons une grande importance \u00e0 la fiabilit\u00e9.<\/span><\/p>\n<p>Responsable du d\u00e9partement\u00a0<strong>Dave Echenard\u00a0<\/strong>(<a href=\"mailto:dave.echenard@leu-anlagenbau.ch\">dave.echenard@leu-anlagenbau.ch<\/a>)[\/vc_column_text][\/vc_column_inner][vc_column_inner width=\u00a0\u00bb1\/2&Prime;][vc_column_text]<a href=\"https:\/\/www.leu-anlagenbau.ch\/wp-content\/uploads\/2015\/04\/P1022115.jpg\"><img loading=\"lazy\" decoding=\"async\" width=\"700\" height=\"394\" class=\"alignnone size-large wp-image-2427\" src=\"https:\/\/www.leu-anlagenbau.ch\/wp-content\/uploads\/2015\/04\/P1022115-700x394.jpg\" alt=\"P1022115\" srcset=\"https:\/\/www.leu-anlagenbau.ch\/wp-content\/uploads\/2015\/04\/P1022115-700x394.jpg 700w, https:\/\/www.leu-anlagenbau.ch\/wp-content\/uploads\/2015\/04\/P1022115-250x141.jpg 250w, https:\/\/www.leu-anlagenbau.ch\/wp-content\/uploads\/2015\/04\/P1022115-120x68.jpg 120w\" sizes=\"auto, (max-width: 700px) 100vw, 700px\" \/><\/a>[\/vc_column_text][\/vc_column_inner][\/vc_row_inner][vc_separator][\/vc_column][vc_column width=\u00a0\u00bb1\/6&Prime;][\/vc_column][\/vc_row][vc_row][vc_column width=\u00a0\u00bb1\/6&Prime;][\/vc_column][vc_column width=\u00a0\u00bb2\/3&Prime;][vc_row_inner][vc_column_inner width=\u00a0\u00bb1\/2&Prime;][vc_column_text]<a href=\"https:\/\/www.leu-anlagenbau.ch\/wp-content\/uploads\/2015\/04\/P1022085.jpg\"><img loading=\"lazy\" decoding=\"async\" width=\"700\" height=\"394\" class=\"alignnone size-large wp-image-2428\" src=\"https:\/\/www.leu-anlagenbau.ch\/wp-content\/uploads\/2015\/04\/P1022085-700x394.jpg\" alt=\"P1022085\" srcset=\"https:\/\/www.leu-anlagenbau.ch\/wp-content\/uploads\/2015\/04\/P1022085-700x394.jpg 700w, https:\/\/www.leu-anlagenbau.ch\/wp-content\/uploads\/2015\/04\/P1022085-250x141.jpg 250w, https:\/\/www.leu-anlagenbau.ch\/wp-content\/uploads\/2015\/04\/P1022085-120x68.jpg 120w\" sizes=\"auto, (max-width: 700px) 100vw, 700px\" \/><\/a>[\/vc_column_text][vc_column_text][\/vc_column_text][\/vc_column_inner][vc_column_inner width=\u00a0\u00bb1\/2&Prime;][vc_column_text css=\u00a0\u00bb\u00a0\u00bb]\n<h2>Montage m\u00e9canique<\/h2>\n<p><span id=\"result_box\" lang=\"fr\">Les pi\u00e8ces individuelles, fabriqu\u00e9es avec pr\u00e9cision selon nos dessins, par des partenaires r\u00e9gionaux, sont assembl\u00e9es par des mains habiles dans une machine remarquable. Nos nombreuses ann\u00e9es d&rsquo;exp\u00e9rience nous montrent la voie vers des machines fiables, de sorte que vous pouvez utiliser votre temps pr\u00e9cieux dans le futur d&rsquo;une mani\u00e8re diff\u00e9rente.<\/span><\/p>\n<p>Responsable du d\u00e9partement\u00a0<strong>Christian Hirsig<\/strong>\u00a0(<a href=\"mailto:christian.hirsiger@leu-anlagenbau.ch\">christian.hirsig@leu-anlagenbau.ch<\/a>)[\/vc_column_text][\/vc_column_inner][\/vc_row_inner][vc_separator][\/vc_column][vc_column width=\u00a0\u00bb1\/6&Prime;][\/vc_column][\/vc_row][vc_row][vc_column width=\u00a0\u00bb1\/6&Prime;][\/vc_column][vc_column width=\u00a0\u00bb2\/3&Prime;][vc_row_inner][vc_column_inner width=\u00a0\u00bb1\/2&Prime;][vc_column_text css=\u00a0\u00bb\u00a0\u00bb]\n<h2>Service apr\u00e8s-vente<\/h2>\n<p>Apr\u00e8s la mise en service de votre installation et la formation de vos collaborateurs sur place, vous pouvez compter sur la comp\u00e9tence de notre service apr\u00e8s-vente. Que ce soit sous forme d\u2019un support t\u00e9l\u00e9phonique, de t\u00e9l\u00e9maintenance de la commande de votre robot, par des livraisons de pi\u00e8ces de rechange ou par une intervention sur site lors de pannes.<\/p>\n<p>Responsable du service technique <strong>Mike Winkler<\/strong> (<a href=\"mailto:service@leu-anlagenbau.ch\">service@leu-anlagenbau.ch<\/a>)<\/p>\n<p>Responsable du service administration <strong>Remo Lehmann<\/strong> (<a href=\"mailto:service@leu-anlagenbau.ch\">service@leu-anlagenbau.ch<\/a>)[\/vc_column_text][\/vc_column_inner][vc_column_inner width=\u00a0\u00bb1\/2&Prime;][vc_single_image image=\u00a0\u00bb5443&Prime; img_size=\u00a0\u00bb700&#215;394&Prime; css=\u00a0\u00bb\u00a0\u00bb][vc_single_image image=\u00a0\u00bb6564&Prime; img_size=\u00a0\u00bb700&#215;394&Prime; css=\u00a0\u00bb\u00a0\u00bb][\/vc_column_inner][\/vc_row_inner][\/vc_column][vc_column width=\u00a0\u00bb1\/6&Prime;][\/vc_column][\/vc_row]\n<\/div>","protected":false},"excerpt":{"rendered":"[vc_row][vc_column][vc_column_text][\/vc_column_text][\/vc_column][\/vc_row][vc_row][vc_column width=\u00a0\u00bb1\/6&Prime;][\/vc_column][vc_column width=\u00a0\u00bb2\/3&Prime;][vc_separator][vc_row_inner][vc_column_inner width=\u00a0\u00bb1\/2&Prime;][vc_single_image image=\u00a0\u00bb5020&Prime; img_size=\u00a0\u00bblarge\u00a0\u00bb][\/vc_column_inner][vc_column_inner width=\u00a0\u00bb1\/2&Prime;][vc_column_text css=\u00a0\u00bb\u00a0\u00bb] Direction D\u2019abord soci\u00e9t\u00e9 individuelle, LEU s\u2019est d\u00e9velop-p\u00e9e pour devenir une petite entreprise de plus de 40 collaboratrices et collaborateurs. Directeur d&rsquo;entreprise Thomas Kilchenmann (thomas.kilchenmann@leu-anlagenbau.ch) (\u00e0 gauche sur la photo) Directeur g\u00e9n\u00e9ral adjoint &amp; responsable du d\u00e9partement construction Thomas Zenger (thomas.zenger@leu-anlagenbau.ch) (\u00e0 droite sur la photo) &nbsp; &nbsp;&#8230; <a class=\"view-article\" href=\"https:\/\/www.leu-anlagenbau.ch\/fr\/cptbc\/contact-slide-4\/\">weiterlesen<\/a>","protected":false},"author":2,"featured_media":0,"parent":0,"menu_order":0,"comment_status":"closed","ping_status":"closed","template":"","meta":{"footnotes":""},"class_list":["post-4824","page","type-page","status-publish","hentry"],"yoast_head":"<!-- This site is optimized with the Yoast SEO plugin v27.4 - https:\/\/yoast.com\/product\/yoast-seo-wordpress\/ -->\n<title>LEU Anlagenbau AG - Team<\/title>\n<meta name=\"robots\" content=\"index, follow, max-snippet:-1, max-image-preview:large, max-video-preview:-1\" \/>\n<link rel=\"canonical\" href=\"https:\/\/www.leu-anlagenbau.ch\/fr\/equipe\/\" \/>\n<meta property=\"og:locale\" content=\"fr_FR\" \/>\n<meta property=\"og:type\" content=\"article\" \/>\n<meta property=\"og:title\" content=\"LEU Anlagenbau AG - Team\" \/>\n<meta property=\"og:description\" content=\"[vc_row][vc_column][vc_column_text][\/vc_column_text][\/vc_column][\/vc_row][vc_row][vc_column width=\u00a0\u00bb1\/6&Prime;][\/vc_column][vc_column width=\u00a0\u00bb2\/3&Prime;][vc_separator][vc_row_inner][vc_column_inner width=\u00a0\u00bb1\/2&Prime;][vc_single_image image=\u00a0\u00bb5020&Prime; img_size=\u00a0\u00bblarge\u00a0\u00bb][\/vc_column_inner][vc_column_inner width=\u00a0\u00bb1\/2&Prime;][vc_column_text css=\u00a0\u00bb\u00a0\u00bb] Direction D\u2019abord soci\u00e9t\u00e9 individuelle, LEU s\u2019est d\u00e9velop-p\u00e9e pour devenir une petite entreprise de plus de 40 collaboratrices et collaborateurs. Directeur d&rsquo;entreprise Thomas Kilchenmann (thomas.kilchenmann@leu-anlagenbau.ch) (\u00e0 gauche sur la photo) Directeur g\u00e9n\u00e9ral adjoint &amp; responsable du d\u00e9partement construction Thomas Zenger (thomas.zenger@leu-anlagenbau.ch) (\u00e0 droite sur la photo) &nbsp; &nbsp;... weiterlesen\" \/>\n<meta property=\"og:url\" content=\"https:\/\/www.leu-anlagenbau.ch\/fr\/equipe\/\" \/>\n<meta property=\"og:site_name\" content=\"LEU Anlagenbau AG\" \/>\n<meta property=\"article:modified_time\" content=\"2025-11-24T08:25:10+00:00\" \/>\n<meta property=\"og:image\" content=\"https:\/\/www.leu-anlagenbau.ch\/wp-content\/uploads\/2015\/04\/P1022115-700x394.jpg\" \/>\n<meta name=\"twitter:card\" content=\"summary_large_image\" \/>\n<meta name=\"twitter:label1\" content=\"Dur\u00e9e de lecture estim\u00e9e\" \/>\n\t<meta name=\"twitter:data1\" content=\"4 minutes\" \/>\n<script type=\"application\/ld+json\" class=\"yoast-schema-graph\">{\"@context\":\"https:\\\/\\\/schema.org\",\"@graph\":[{\"@type\":\"WebPage\",\"@id\":\"https:\\\/\\\/www.leu-anlagenbau.ch\\\/fr\\\/equipe\\\/\",\"url\":\"https:\\\/\\\/www.leu-anlagenbau.ch\\\/fr\\\/equipe\\\/\",\"name\":\"LEU Anlagenbau AG - Team\",\"isPartOf\":{\"@id\":\"https:\\\/\\\/www.leu-anlagenbau.ch\\\/#website\"},\"primaryImageOfPage\":{\"@id\":\"https:\\\/\\\/www.leu-anlagenbau.ch\\\/fr\\\/equipe\\\/#primaryimage\"},\"image\":{\"@id\":\"https:\\\/\\\/www.leu-anlagenbau.ch\\\/fr\\\/equipe\\\/#primaryimage\"},\"thumbnailUrl\":\"https:\\\/\\\/www.leu-anlagenbau.ch\\\/wp-content\\\/uploads\\\/2015\\\/04\\\/P1022115-700x394.jpg\",\"datePublished\":\"2022-06-24T06:15:33+00:00\",\"dateModified\":\"2025-11-24T08:25:10+00:00\",\"breadcrumb\":{\"@id\":\"https:\\\/\\\/www.leu-anlagenbau.ch\\\/fr\\\/equipe\\\/#breadcrumb\"},\"inLanguage\":\"fr-FR\",\"potentialAction\":[{\"@type\":\"ReadAction\",\"target\":[\"https:\\\/\\\/www.leu-anlagenbau.ch\\\/fr\\\/equipe\\\/\"]}]},{\"@type\":\"ImageObject\",\"inLanguage\":\"fr-FR\",\"@id\":\"https:\\\/\\\/www.leu-anlagenbau.ch\\\/fr\\\/equipe\\\/#primaryimage\",\"url\":\"https:\\\/\\\/www.leu-anlagenbau.ch\\\/wp-content\\\/uploads\\\/2015\\\/04\\\/P1022115-700x394.jpg\",\"contentUrl\":\"https:\\\/\\\/www.leu-anlagenbau.ch\\\/wp-content\\\/uploads\\\/2015\\\/04\\\/P1022115-700x394.jpg\"},{\"@type\":\"BreadcrumbList\",\"@id\":\"https:\\\/\\\/www.leu-anlagenbau.ch\\\/fr\\\/equipe\\\/#breadcrumb\",\"itemListElement\":[{\"@type\":\"ListItem\",\"position\":1,\"name\":\"Home\",\"item\":\"https:\\\/\\\/www.leu-anlagenbau.ch\\\/fr\\\/\"},{\"@type\":\"ListItem\",\"position\":2,\"name\":\"Team\"}]},{\"@type\":\"WebSite\",\"@id\":\"https:\\\/\\\/www.leu-anlagenbau.ch\\\/#website\",\"url\":\"https:\\\/\\\/www.leu-anlagenbau.ch\\\/\",\"name\":\"LEU Anlagenbau AG\",\"description\":\"\",\"potentialAction\":[{\"@type\":\"SearchAction\",\"target\":{\"@type\":\"EntryPoint\",\"urlTemplate\":\"https:\\\/\\\/www.leu-anlagenbau.ch\\\/?s={search_term_string}\"},\"query-input\":{\"@type\":\"PropertyValueSpecification\",\"valueRequired\":true,\"valueName\":\"search_term_string\"}}],\"inLanguage\":\"fr-FR\"}]}<\/script>\n<!-- \/ Yoast SEO plugin. -->","yoast_head_json":{"title":"LEU Anlagenbau AG - Team","robots":{"index":"index","follow":"follow","max-snippet":"max-snippet:-1","max-image-preview":"max-image-preview:large","max-video-preview":"max-video-preview:-1"},"canonical":"https:\/\/www.leu-anlagenbau.ch\/fr\/equipe\/","og_locale":"fr_FR","og_type":"article","og_title":"LEU Anlagenbau AG - Team","og_description":"[vc_row][vc_column][vc_column_text][\/vc_column_text][\/vc_column][\/vc_row][vc_row][vc_column width=\u00a0\u00bb1\/6&Prime;][\/vc_column][vc_column width=\u00a0\u00bb2\/3&Prime;][vc_separator][vc_row_inner][vc_column_inner width=\u00a0\u00bb1\/2&Prime;][vc_single_image image=\u00a0\u00bb5020&Prime; img_size=\u00a0\u00bblarge\u00a0\u00bb][\/vc_column_inner][vc_column_inner width=\u00a0\u00bb1\/2&Prime;][vc_column_text css=\u00a0\u00bb\u00a0\u00bb] Direction D\u2019abord soci\u00e9t\u00e9 individuelle, LEU s\u2019est d\u00e9velop-p\u00e9e pour devenir une petite entreprise de plus de 40 collaboratrices et collaborateurs. Directeur d&rsquo;entreprise Thomas Kilchenmann (thomas.kilchenmann@leu-anlagenbau.ch) (\u00e0 gauche sur la photo) Directeur g\u00e9n\u00e9ral adjoint &amp; responsable du d\u00e9partement construction Thomas Zenger (thomas.zenger@leu-anlagenbau.ch) (\u00e0 droite sur la photo) &nbsp; &nbsp;... weiterlesen","og_url":"https:\/\/www.leu-anlagenbau.ch\/fr\/equipe\/","og_site_name":"LEU Anlagenbau AG","article_modified_time":"2025-11-24T08:25:10+00:00","og_image":[{"url":"https:\/\/www.leu-anlagenbau.ch\/wp-content\/uploads\/2015\/04\/P1022115-700x394.jpg","type":"","width":"","height":""}],"twitter_card":"summary_large_image","twitter_misc":{"Dur\u00e9e de lecture estim\u00e9e":"4 minutes"},"schema":{"@context":"https:\/\/schema.org","@graph":[{"@type":"WebPage","@id":"https:\/\/www.leu-anlagenbau.ch\/fr\/equipe\/","url":"https:\/\/www.leu-anlagenbau.ch\/fr\/equipe\/","name":"LEU Anlagenbau AG - Team","isPartOf":{"@id":"https:\/\/www.leu-anlagenbau.ch\/#website"},"primaryImageOfPage":{"@id":"https:\/\/www.leu-anlagenbau.ch\/fr\/equipe\/#primaryimage"},"image":{"@id":"https:\/\/www.leu-anlagenbau.ch\/fr\/equipe\/#primaryimage"},"thumbnailUrl":"https:\/\/www.leu-anlagenbau.ch\/wp-content\/uploads\/2015\/04\/P1022115-700x394.jpg","datePublished":"2022-06-24T06:15:33+00:00","dateModified":"2025-11-24T08:25:10+00:00","breadcrumb":{"@id":"https:\/\/www.leu-anlagenbau.ch\/fr\/equipe\/#breadcrumb"},"inLanguage":"fr-FR","potentialAction":[{"@type":"ReadAction","target":["https:\/\/www.leu-anlagenbau.ch\/fr\/equipe\/"]}]},{"@type":"ImageObject","inLanguage":"fr-FR","@id":"https:\/\/www.leu-anlagenbau.ch\/fr\/equipe\/#primaryimage","url":"https:\/\/www.leu-anlagenbau.ch\/wp-content\/uploads\/2015\/04\/P1022115-700x394.jpg","contentUrl":"https:\/\/www.leu-anlagenbau.ch\/wp-content\/uploads\/2015\/04\/P1022115-700x394.jpg"},{"@type":"BreadcrumbList","@id":"https:\/\/www.leu-anlagenbau.ch\/fr\/equipe\/#breadcrumb","itemListElement":[{"@type":"ListItem","position":1,"name":"Home","item":"https:\/\/www.leu-anlagenbau.ch\/fr\/"},{"@type":"ListItem","position":2,"name":"Team"}]},{"@type":"WebSite","@id":"https:\/\/www.leu-anlagenbau.ch\/#website","url":"https:\/\/www.leu-anlagenbau.ch\/","name":"LEU Anlagenbau AG","description":"","potentialAction":[{"@type":"SearchAction","target":{"@type":"EntryPoint","urlTemplate":"https:\/\/www.leu-anlagenbau.ch\/?s={search_term_string}"},"query-input":{"@type":"PropertyValueSpecification","valueRequired":true,"valueName":"search_term_string"}}],"inLanguage":"fr-FR"}]}},"_links":{"self":[{"href":"https:\/\/www.leu-anlagenbau.ch\/fr\/wp-json\/wp\/v2\/pages\/4824","targetHints":{"allow":["GET"]}}],"collection":[{"href":"https:\/\/www.leu-anlagenbau.ch\/fr\/wp-json\/wp\/v2\/pages"}],"about":[{"href":"https:\/\/www.leu-anlagenbau.ch\/fr\/wp-json\/wp\/v2\/types\/page"}],"author":[{"embeddable":true,"href":"https:\/\/www.leu-anlagenbau.ch\/fr\/wp-json\/wp\/v2\/users\/2"}],"replies":[{"embeddable":true,"href":"https:\/\/www.leu-anlagenbau.ch\/fr\/wp-json\/wp\/v2\/comments?post=4824"}],"version-history":[{"count":53,"href":"https:\/\/www.leu-anlagenbau.ch\/fr\/wp-json\/wp\/v2\/pages\/4824\/revisions"}],"predecessor-version":[{"id":6578,"href":"https:\/\/www.leu-anlagenbau.ch\/fr\/wp-json\/wp\/v2\/pages\/4824\/revisions\/6578"}],"wp:attachment":[{"href":"https:\/\/www.leu-anlagenbau.ch\/fr\/wp-json\/wp\/v2\/media?parent=4824"}],"curies":[{"name":"wp","href":"https:\/\/api.w.org\/{rel}","templated":true}]}}