{"id":4728,"date":"2022-06-23T15:05:30","date_gmt":"2022-06-23T13:05:30","guid":{"rendered":"https:\/\/www.leu-anlagenbau.ch\/?page_id=4728"},"modified":"2025-12-22T14:02:31","modified_gmt":"2025-12-22T13:02:31","slug":"heures-douverture","status":"publish","type":"page","link":"https:\/\/www.leu-anlagenbau.ch\/fr\/heures-douverture\/","title":{"rendered":"Heures d&rsquo;ouverture"},"content":{"rendered":"<div class=\"wpb-content-wrapper\">[vc_row][vc_column][vc_column_text]        <div id=\"cptbc_736\" class=\"carousel slide\"  data-interval=\"5000\">\n\n                                <ol class=\"carousel-indicators\">\n                                            <li data-target=\"#cptbc_736\" data-slide-to=\"0\" class=\"active\"><\/li>\n                                            <li data-target=\"#cptbc_736\" data-slide-to=\"1\" ><\/li>\n                                            <li data-target=\"#cptbc_736\" data-slide-to=\"2\" ><\/li>\n                                        <\/ol>\n                \n            <div class=\"carousel-inner\">\n            \n                <div class=\"item active\" id=\"cptbc-item-4666\" >\n                    <img decoding=\"async\" src=\"https:\/\/www.leu-anlagenbau.ch\/wp-content\/uploads\/2022\/06\/leu_anlagenbau_image_slideheader_portrait12-700x163-2.jpg\" class=\"attachment-full size-full wp-post-image\" alt=\"\" srcset=\"https:\/\/www.leu-anlagenbau.ch\/wp-content\/uploads\/2022\/06\/leu_anlagenbau_image_slideheader_portrait12-700x163-2.jpg 700w, https:\/\/www.leu-anlagenbau.ch\/wp-content\/uploads\/2022\/06\/leu_anlagenbau_image_slideheader_portrait12-700x163-2-250x58.jpg 250w, https:\/\/www.leu-anlagenbau.ch\/wp-content\/uploads\/2022\/06\/leu_anlagenbau_image_slideheader_portrait12-700x163-2-120x28.jpg 120w\" sizes=\"(max-width: 700px) 100vw, 700px\" \/><div class=\"carousel-caption\"><h4>\u00d6ffnungszeiten &#8211; Slide 1<\/h4><\/div>                <\/div>\n            \n                <div class=\"item \" id=\"cptbc-item-4927\" >\n                    <img decoding=\"async\" src=\"https:\/\/www.leu-anlagenbau.ch\/wp-content\/uploads\/2022\/06\/leu_anlagenbau_image_slideheader_portrait10-700x163-5.jpg\" class=\"attachment-full size-full wp-post-image\" alt=\"\" srcset=\"https:\/\/www.leu-anlagenbau.ch\/wp-content\/uploads\/2022\/06\/leu_anlagenbau_image_slideheader_portrait10-700x163-5.jpg 700w, https:\/\/www.leu-anlagenbau.ch\/wp-content\/uploads\/2022\/06\/leu_anlagenbau_image_slideheader_portrait10-700x163-5-250x58.jpg 250w, https:\/\/www.leu-anlagenbau.ch\/wp-content\/uploads\/2022\/06\/leu_anlagenbau_image_slideheader_portrait10-700x163-5-120x28.jpg 120w\" sizes=\"(max-width: 700px) 100vw, 700px\" \/><div class=\"carousel-caption\"><h4>\u00d6ffnungszeiten &#8211; Slide 2<\/h4><\/div>                <\/div>\n            \n                <div class=\"item \" id=\"cptbc-item-4928\" >\n                    <img decoding=\"async\" src=\"https:\/\/www.leu-anlagenbau.ch\/wp-content\/uploads\/2022\/06\/leu_anlagenbau_image_slideheader_portrait7-700x163-1.jpg\" class=\"attachment-full size-full wp-post-image\" alt=\"\" srcset=\"https:\/\/www.leu-anlagenbau.ch\/wp-content\/uploads\/2022\/06\/leu_anlagenbau_image_slideheader_portrait7-700x163-1.jpg 700w, https:\/\/www.leu-anlagenbau.ch\/wp-content\/uploads\/2022\/06\/leu_anlagenbau_image_slideheader_portrait7-700x163-1-250x58.jpg 250w, https:\/\/www.leu-anlagenbau.ch\/wp-content\/uploads\/2022\/06\/leu_anlagenbau_image_slideheader_portrait7-700x163-1-120x28.jpg 120w\" sizes=\"(max-width: 700px) 100vw, 700px\" \/><div class=\"carousel-caption\"><h4>\u00d6ffnungszeiten &#8211; Slide 3<\/h4><\/div>                <\/div>\n                        <\/div>\n\n                                <a class=\"left carousel-control\" href=\"#cptbc_736\" data-slide=\"prev\"><span class=\"glyphicon glyphicon-chevron-left\"><\/span><\/a>\n                    <a class=\"right carousel-control\" href=\"#cptbc_736\" data-slide=\"next\"><span class=\"glyphicon glyphicon-chevron-right\"><\/span><\/a>\n                \n        <\/div>\n\n                <script type=\"text\/javascript\">\n            jQuery(document).ready(function() {\n                jQuery('#cptbc_736').carousel({\n                    interval: 5000                });\n            });\n        <\/script>\n        [\/vc_column_text][\/vc_column][\/vc_row][vc_row][vc_column width=\u00a0\u00bb1\/6&Prime;][\/vc_column][vc_column width=\u00a0\u00bb2\/3&Prime;][vc_row_inner][vc_column_inner width=\u00a0\u00bb1\/5&Prime;][vc_column_text css=\u00a0\u00bb\u00a0\u00bb]\n<h2>Heures d&rsquo;ouverture<\/h2>\n<p>07:00 &#8211; 12:00<br \/>\n13:00 &#8211; 17:00[\/vc_column_text][\/vc_column_inner][vc_column_inner width=\u00a0\u00bb2\/5&Prime;][vc_column_text css=\u00a0\u00bb\u00a0\u00bb]\n<h2>Jours f\u00e9ri\u00e9s 2025\/ 2026<\/h2>\n<table style=\"border-collapse: collapse; width: 100%; height: 438px;\">\n<tbody>\n<tr style=\"height: 24px;\">\n<td style=\"width: 19.5432%; height: 24px;\"><strong>No\u00ebl<\/strong><\/td>\n<td style=\"width: 26.7418%; height: 24px;\"><\/td>\n<td style=\"width: 53.7149%; height: 24px;\"><\/td>\n<\/tr>\n<tr style=\"height: 24px;\">\n<td style=\"width: 19.5432%; height: 24px;\">23.12.2025<\/td>\n<td style=\"width: 26.7418%; height: 24px;\">Mardi<\/td>\n<td style=\"width: 53.7149%; height: 24px;\">ouvert<\/td>\n<\/tr>\n<tr style=\"height: 24px;\">\n<td style=\"width: 19.5432%; height: 10px;\">24.12.2025<\/td>\n<td style=\"width: 26.7418%; height: 10px;\">Mercredi<\/td>\n<td style=\"width: 53.7149%; height: 10px;\">ouvert jusq&rsquo;\u00e0 12:00 heures<br \/>\n(en cas d&rsquo;urgence)<\/td>\n<\/tr>\n<tr style=\"height: 24px;\">\n<td style=\"width: 19.5432%; height: 24px;\">25.12.2025<\/td>\n<td style=\"width: 26.7418%; height: 24px;\">Jeudi<\/td>\n<td style=\"width: 53.7149%; height: 24px;\">ferm\u00e9<\/td>\n<\/tr>\n<tr style=\"height: 24px;\">\n<td style=\"width: 19.5432%; height: 24px;\">26.12.2025<\/td>\n<td style=\"width: 26.7418%; height: 24px;\">Vendredi<\/td>\n<td style=\"width: 53.7149%; height: 24px;\">ferm\u00e9<\/td>\n<\/tr>\n<tr style=\"height: 24px;\">\n<td style=\"width: 19.5432%; height: 24px;\">27.12.2025<\/td>\n<td style=\"width: 26.7418%; height: 24px;\">Samedi<\/td>\n<td style=\"width: 53.7149%; height: 24px;\">ouvert jusq&rsquo;\u00e0 12:00 heures<br \/>\n(en cas d&rsquo;urgence)<\/td>\n<\/tr>\n<tr style=\"height: 24px;\">\n<td style=\"width: 19.5432%; height: 10px;\">28.12.2025<\/td>\n<td style=\"width: 26.7418%; height: 10px;\">Dimanche<\/td>\n<td style=\"width: 53.7149%; height: 10px;\">ferm\u00e9<\/td>\n<\/tr>\n<tr style=\"height: 24px;\">\n<td style=\"width: 19.5432%; height: 24px;\">29.12.2025<\/td>\n<td style=\"width: 26.7418%; height: 24px;\">Lundi<\/td>\n<td style=\"width: 53.7149%; height: 24px;\">ouvert<\/td>\n<\/tr>\n<tr style=\"height: 24px;\">\n<td style=\"width: 19.5432%; height: 24px;\">30.12.2025<\/td>\n<td style=\"width: 26.7418%; height: 24px;\">Mardi<\/td>\n<td style=\"width: 53.7149%; height: 24px;\">ouvert<\/td>\n<\/tr>\n<tr style=\"height: 24px;\">\n<td style=\"width: 19.5432%; height: 24px;\">31.12.2025<\/td>\n<td style=\"width: 26.7418%; height: 24px;\">Mercredi<\/td>\n<td style=\"width: 53.7149%; height: 24px;\">ouvert jusq&rsquo;\u00e0 12:00 heures<br \/>\n(en cas d&rsquo;urgence)<\/td>\n<\/tr>\n<tr style=\"height: 24px;\">\n<td style=\"width: 19.5432%; height: 24px;\"><\/td>\n<td style=\"width: 26.7418%; height: 24px;\"><\/td>\n<td style=\"width: 53.7149%; height: 24px;\"><\/td>\n<\/tr>\n<tr style=\"height: 24px;\">\n<td style=\"width: 19.5432%; height: 24px;\"><\/td>\n<td style=\"width: 26.7418%; height: 24px;\"><\/td>\n<td style=\"width: 53.7149%; height: 24px;\"><\/td>\n<\/tr>\n<tr style=\"height: 24px;\">\n<td style=\"width: 19.5432%; height: 24px;\"><\/td>\n<td style=\"width: 26.7418%; height: 24px;\"><\/td>\n<td style=\"width: 53.7149%; height: 24px;\"><\/td>\n<\/tr>\n<tr style=\"height: 24px;\">\n<td style=\"width: 19.5432%; height: 24px;\"><\/td>\n<td style=\"width: 26.7418%; height: 24px;\"><\/td>\n<td style=\"width: 53.7149%; height: 24px;\"><\/td>\n<\/tr>\n<tr style=\"height: 24px;\">\n<td style=\"width: 19.5432%; height: 24px;\"><\/td>\n<td style=\"width: 26.7418%; height: 24px;\"><\/td>\n<td style=\"width: 53.7149%; height: 24px;\"><\/td>\n<\/tr>\n<tr style=\"height: 24px;\">\n<td style=\"width: 19.5432%; height: 24px;\"><\/td>\n<td style=\"width: 26.7418%; height: 24px;\"><\/td>\n<td style=\"width: 53.7149%; height: 24px;\"><\/td>\n<\/tr>\n<tr style=\"height: 24px;\">\n<td style=\"width: 19.5432%; height: 24px;\"><\/td>\n<td style=\"width: 26.7418%; height: 24px;\"><\/td>\n<td style=\"width: 53.7149%; height: 24px;\"><\/td>\n<\/tr>\n<tr style=\"height: 24px;\">\n<td style=\"width: 19.5432%; height: 24px;\"><\/td>\n<td style=\"width: 26.7418%; height: 24px;\"><\/td>\n<td style=\"width: 53.7149%; height: 24px;\"><\/td>\n<\/tr>\n<tr style=\"height: 10px;\">\n<td style=\"width: 19.5432%; height: 10px;\"><\/td>\n<td style=\"width: 26.7418%; height: 10px;\"><\/td>\n<td style=\"width: 53.7149%; height: 10px;\"><\/td>\n<\/tr>\n<tr style=\"height: 24px;\">\n<td style=\"width: 19.5432%; height: 24px;\"><\/td>\n<td style=\"width: 26.7418%; height: 24px;\"><\/td>\n<td style=\"width: 53.7149%; height: 24px;\"><\/td>\n<\/tr>\n<\/tbody>\n<\/table>\n[\/vc_column_text][\/vc_column_inner][vc_column_inner width=\u00a0\u00bb2\/5&Prime;][vc_column_text css=\u00a0\u00bb\u00a0\u00bb]\n<table style=\"border-collapse: collapse; width: 100%; height: 527px;\">\n<tbody>\n<tr style=\"height: 24px;\">\n<td style=\"width: 29.5908%; height: 24px;\"><strong>Nouvel an<\/strong><\/td>\n<td style=\"width: 21.1109%; height: 24px;\"><\/td>\n<td style=\"width: 49.2982%; height: 24px;\"><\/td>\n<\/tr>\n<tr style=\"height: 24px;\">\n<td style=\"width: 29.5908%; height: 24px;\">01.01.2026<\/td>\n<td style=\"width: 21.1109%; height: 24px;\">Jeudi<\/td>\n<td style=\"width: 49.2982%; height: 24px;\">ferm\u00e9<\/td>\n<\/tr>\n<tr style=\"height: 24px;\">\n<td style=\"width: 29.5908%; height: 24px;\">02.01.2026<\/td>\n<td style=\"width: 21.1109%; height: 24px;\">Vendredi<\/td>\n<td style=\"width: 49.2982%; height: 24px;\">ferm\u00e9<\/td>\n<\/tr>\n<tr style=\"height: 24px;\">\n<td style=\"width: 29.5908%; height: 10px;\">03.01.2026<\/td>\n<td style=\"width: 21.1109%; height: 10px;\">Samedi<\/td>\n<td style=\"width: 49.2982%; height: 10px;\">ouvert jusq&rsquo;\u00e0 12:00 heures<br \/>\n(en cas d&rsquo;urgence)<\/td>\n<\/tr>\n<tr style=\"height: 24px;\">\n<td style=\"width: 29.5908%; height: 24px;\"><\/td>\n<td style=\"width: 21.1109%; height: 24px;\"><\/td>\n<td style=\"width: 49.2982%; height: 24px;\"><\/td>\n<\/tr>\n<tr style=\"height: 24px;\">\n<td style=\"width: 29.5908%; height: 16px;\"><strong>P\u00e2ques<\/strong><\/td>\n<td style=\"width: 21.1109%; height: 16px;\"><\/td>\n<td style=\"width: 49.2982%; height: 16px;\"><\/td>\n<\/tr>\n<tr style=\"height: 24px;\">\n<td style=\"width: 29.5908%; height: 24px;\">03.04.2026<\/td>\n<td style=\"width: 21.1109%; height: 24px;\">Vendredi<\/td>\n<td style=\"width: 49.2982%; height: 24px;\">ferm\u00e9<\/td>\n<\/tr>\n<tr style=\"height: 24px;\">\n<td style=\"width: 29.5908%; height: 24px;\">04.04.2026<\/td>\n<td style=\"width: 21.1109%; height: 24px;\">Samedi<\/td>\n<td style=\"width: 49.2982%; height: 24px;\">ouvert jusq&rsquo;\u00e0 12:00 heures<br \/>\n(en cas d&rsquo;urgence)<\/td>\n<\/tr>\n<tr style=\"height: 24px;\">\n<td style=\"width: 29.5908%; height: 28px;\">05.04.2026<\/td>\n<td style=\"width: 21.1109%; height: 28px;\">Dimanche<\/td>\n<td style=\"width: 49.2982%; height: 28px;\">ferm\u00e9<\/td>\n<\/tr>\n<tr style=\"height: 24px;\">\n<td style=\"width: 29.5908%; height: 24px;\">06.04.2026<\/td>\n<td style=\"width: 21.1109%; height: 24px;\">Lundi<\/td>\n<td style=\"width: 49.2982%; height: 24px;\">ferm\u00e9<\/td>\n<\/tr>\n<tr style=\"height: 24px;\">\n<td style=\"width: 29.5908%; height: 24px;\"><\/td>\n<td style=\"width: 21.1109%; height: 24px;\"><\/td>\n<td style=\"width: 49.2982%; height: 24px;\"><\/td>\n<\/tr>\n<tr style=\"height: 24px;\">\n<td style=\"width: 29.5908%; height: 24px;\"><strong>L&rsquo;Ascension<\/strong><\/td>\n<td style=\"width: 21.1109%; height: 24px;\"><\/td>\n<td style=\"width: 49.2982%; height: 24px;\"><\/td>\n<\/tr>\n<tr style=\"height: 24px;\">\n<td style=\"width: 29.5908%; height: 24px;\">14.05.2026<\/td>\n<td style=\"width: 21.1109%; height: 24px;\">Vendredi<\/td>\n<td style=\"width: 49.2982%; height: 24px;\">ferm\u00e9<\/td>\n<\/tr>\n<tr style=\"height: 24px;\">\n<td style=\"width: 29.5908%; height: 19px;\">15.05.2026<\/td>\n<td style=\"width: 21.1109%; height: 19px;\">Jeudi<\/td>\n<td style=\"width: 49.2982%; height: 19px;\">ouvert<\/td>\n<\/tr>\n<tr style=\"height: 24px;\">\n<td style=\"width: 29.5908%; height: 24px;\">16.05.2026<\/td>\n<td style=\"width: 21.1109%; height: 24px;\">Samedi<\/td>\n<td style=\"width: 49.2982%; height: 24px;\">ferm\u00e9<\/td>\n<\/tr>\n<tr style=\"height: 24px;\">\n<td style=\"width: 29.5908%; height: 24px;\"><strong>\u00a0<\/strong><\/td>\n<td style=\"width: 21.1109%; height: 24px;\"><\/td>\n<td style=\"width: 49.2982%; height: 24px;\"><\/td>\n<\/tr>\n<tr style=\"height: 24px;\">\n<td style=\"width: 29.5908%; height: 24px;\"><strong>Pentec\u00f4te<\/strong><\/td>\n<td style=\"width: 21.1109%; height: 24px;\"><\/td>\n<td style=\"width: 49.2982%; height: 24px;\"><\/td>\n<\/tr>\n<tr style=\"height: 24px;\">\n<td style=\"width: 29.5908%; height: 24px;\">23.05.2026<\/td>\n<td style=\"width: 21.1109%; height: 24px;\">Samedi<\/td>\n<td style=\"width: 49.2982%; height: 24px;\">ouvert jusq&rsquo;\u00e0 12:00 heures<br \/>\n(en cas d&rsquo;urgence)<\/td>\n<\/tr>\n<tr style=\"height: 24px;\">\n<td style=\"width: 29.5908%; height: 24px;\">24.05.2026<\/td>\n<td style=\"width: 21.1109%; height: 24px;\">\u00a0Dimanche<\/td>\n<td style=\"width: 49.2982%; height: 24px;\">ferm\u00e9<\/td>\n<\/tr>\n<tr style=\"height: 24px;\">\n<td style=\"width: 29.5908%; height: 24px;\">25.05.2026<\/td>\n<td style=\"width: 21.1109%; height: 24px;\">Lundi<\/td>\n<td style=\"width: 49.2982%; height: 24px;\">ferm\u00e9<\/td>\n<\/tr>\n<\/tbody>\n<\/table>\n[\/vc_column_text][\/vc_column_inner][\/vc_row_inner][\/vc_column][vc_column width=\u00a0\u00bb1\/6&Prime;][\/vc_column][\/vc_row]\n<\/div>","protected":false},"excerpt":{"rendered":"[vc_row][vc_column][vc_column_text][\/vc_column_text][\/vc_column][\/vc_row][vc_row][vc_column width=\u00a0\u00bb1\/6&Prime;][\/vc_column][vc_column width=\u00a0\u00bb2\/3&Prime;][vc_row_inner][vc_column_inner width=\u00a0\u00bb1\/5&Prime;][vc_column_text css=\u00a0\u00bb\u00a0\u00bb] Heures d&rsquo;ouverture 07:00 &#8211; 12:00 13:00 &#8211; 17:00[\/vc_column_text][\/vc_column_inner][vc_column_inner width=\u00a0\u00bb2\/5&Prime;][vc_column_text css=\u00a0\u00bb\u00a0\u00bb] Jours f\u00e9ri\u00e9s 2025\/ 2026 No\u00ebl 23.12.2025 Mardi ouvert 24.12.2025 Mercredi ouvert jusq&rsquo;\u00e0 12:00 heures (en cas d&rsquo;urgence) 25.12.2025 Jeudi ferm\u00e9 26.12.2025 Vendredi ferm\u00e9 27.12.2025 Samedi ouvert jusq&rsquo;\u00e0 12:00 heures (en cas d&rsquo;urgence) 28.12.2025 Dimanche ferm\u00e9 29.12.2025 Lundi ouvert 30.12.2025 Mardi&#8230; <a class=\"view-article\" href=\"https:\/\/www.leu-anlagenbau.ch\/fr\/cptbc\/oeffnungszeiten-slide-3\/\">weiterlesen<\/a>","protected":false},"author":2,"featured_media":0,"parent":0,"menu_order":0,"comment_status":"closed","ping_status":"closed","template":"","meta":{"footnotes":""},"class_list":["post-4728","page","type-page","status-publish","hentry"],"yoast_head":"<!-- This site is optimized with the Yoast SEO plugin v27.4 - https:\/\/yoast.com\/product\/yoast-seo-wordpress\/ -->\n<title>LEU Anlagenbau AG - Heures d&#039;ouverture<\/title>\n<meta name=\"robots\" content=\"index, follow, max-snippet:-1, max-image-preview:large, max-video-preview:-1\" \/>\n<link rel=\"canonical\" href=\"https:\/\/www.leu-anlagenbau.ch\/fr\/heures-douverture\/\" \/>\n<meta property=\"og:locale\" content=\"fr_FR\" \/>\n<meta property=\"og:type\" content=\"article\" \/>\n<meta property=\"og:title\" content=\"LEU Anlagenbau AG - Heures d&#039;ouverture\" \/>\n<meta property=\"og:description\" content=\"[vc_row][vc_column][vc_column_text][\/vc_column_text][\/vc_column][\/vc_row][vc_row][vc_column width=\u00a0\u00bb1\/6&Prime;][\/vc_column][vc_column width=\u00a0\u00bb2\/3&Prime;][vc_row_inner][vc_column_inner width=\u00a0\u00bb1\/5&Prime;][vc_column_text css=\u00a0\u00bb\u00a0\u00bb] Heures d&rsquo;ouverture 07:00 &#8211; 12:00 13:00 &#8211; 17:00[\/vc_column_text][\/vc_column_inner][vc_column_inner width=\u00a0\u00bb2\/5&Prime;][vc_column_text css=\u00a0\u00bb\u00a0\u00bb] Jours f\u00e9ri\u00e9s 2025\/ 2026 No\u00ebl 23.12.2025 Mardi ouvert 24.12.2025 Mercredi ouvert jusq&rsquo;\u00e0 12:00 heures (en cas d&rsquo;urgence) 25.12.2025 Jeudi ferm\u00e9 26.12.2025 Vendredi ferm\u00e9 27.12.2025 Samedi ouvert jusq&rsquo;\u00e0 12:00 heures (en cas d&rsquo;urgence) 28.12.2025 Dimanche ferm\u00e9 29.12.2025 Lundi ouvert 30.12.2025 Mardi... weiterlesen\" \/>\n<meta property=\"og:url\" content=\"https:\/\/www.leu-anlagenbau.ch\/fr\/heures-douverture\/\" \/>\n<meta property=\"og:site_name\" content=\"LEU Anlagenbau AG\" \/>\n<meta property=\"article:modified_time\" content=\"2025-12-22T13:02:31+00:00\" \/>\n<meta name=\"twitter:card\" content=\"summary_large_image\" \/>\n<meta name=\"twitter:label1\" content=\"Dur\u00e9e de lecture estim\u00e9e\" \/>\n\t<meta name=\"twitter:data1\" content=\"1 minute\" \/>\n<script type=\"application\/ld+json\" class=\"yoast-schema-graph\">{\"@context\":\"https:\\\/\\\/schema.org\",\"@graph\":[{\"@type\":\"WebPage\",\"@id\":\"https:\\\/\\\/www.leu-anlagenbau.ch\\\/fr\\\/heures-douverture\\\/\",\"url\":\"https:\\\/\\\/www.leu-anlagenbau.ch\\\/fr\\\/heures-douverture\\\/\",\"name\":\"LEU Anlagenbau AG - Heures d'ouverture\",\"isPartOf\":{\"@id\":\"https:\\\/\\\/www.leu-anlagenbau.ch\\\/#website\"},\"datePublished\":\"2022-06-23T13:05:30+00:00\",\"dateModified\":\"2025-12-22T13:02:31+00:00\",\"breadcrumb\":{\"@id\":\"https:\\\/\\\/www.leu-anlagenbau.ch\\\/fr\\\/heures-douverture\\\/#breadcrumb\"},\"inLanguage\":\"fr-FR\",\"potentialAction\":[{\"@type\":\"ReadAction\",\"target\":[\"https:\\\/\\\/www.leu-anlagenbau.ch\\\/fr\\\/heures-douverture\\\/\"]}]},{\"@type\":\"BreadcrumbList\",\"@id\":\"https:\\\/\\\/www.leu-anlagenbau.ch\\\/fr\\\/heures-douverture\\\/#breadcrumb\",\"itemListElement\":[{\"@type\":\"ListItem\",\"position\":1,\"name\":\"Home\",\"item\":\"https:\\\/\\\/www.leu-anlagenbau.ch\\\/fr\\\/\"},{\"@type\":\"ListItem\",\"position\":2,\"name\":\"Heures d&#8217;ouverture\"}]},{\"@type\":\"WebSite\",\"@id\":\"https:\\\/\\\/www.leu-anlagenbau.ch\\\/#website\",\"url\":\"https:\\\/\\\/www.leu-anlagenbau.ch\\\/\",\"name\":\"LEU Anlagenbau AG\",\"description\":\"\",\"potentialAction\":[{\"@type\":\"SearchAction\",\"target\":{\"@type\":\"EntryPoint\",\"urlTemplate\":\"https:\\\/\\\/www.leu-anlagenbau.ch\\\/?s={search_term_string}\"},\"query-input\":{\"@type\":\"PropertyValueSpecification\",\"valueRequired\":true,\"valueName\":\"search_term_string\"}}],\"inLanguage\":\"fr-FR\"}]}<\/script>\n<!-- \/ Yoast SEO plugin. -->","yoast_head_json":{"title":"LEU Anlagenbau AG - Heures d'ouverture","robots":{"index":"index","follow":"follow","max-snippet":"max-snippet:-1","max-image-preview":"max-image-preview:large","max-video-preview":"max-video-preview:-1"},"canonical":"https:\/\/www.leu-anlagenbau.ch\/fr\/heures-douverture\/","og_locale":"fr_FR","og_type":"article","og_title":"LEU Anlagenbau AG - Heures d'ouverture","og_description":"[vc_row][vc_column][vc_column_text][\/vc_column_text][\/vc_column][\/vc_row][vc_row][vc_column width=\u00a0\u00bb1\/6&Prime;][\/vc_column][vc_column width=\u00a0\u00bb2\/3&Prime;][vc_row_inner][vc_column_inner width=\u00a0\u00bb1\/5&Prime;][vc_column_text css=\u00a0\u00bb\u00a0\u00bb] Heures d&rsquo;ouverture 07:00 &#8211; 12:00 13:00 &#8211; 17:00[\/vc_column_text][\/vc_column_inner][vc_column_inner width=\u00a0\u00bb2\/5&Prime;][vc_column_text css=\u00a0\u00bb\u00a0\u00bb] Jours f\u00e9ri\u00e9s 2025\/ 2026 No\u00ebl 23.12.2025 Mardi ouvert 24.12.2025 Mercredi ouvert jusq&rsquo;\u00e0 12:00 heures (en cas d&rsquo;urgence) 25.12.2025 Jeudi ferm\u00e9 26.12.2025 Vendredi ferm\u00e9 27.12.2025 Samedi ouvert jusq&rsquo;\u00e0 12:00 heures (en cas d&rsquo;urgence) 28.12.2025 Dimanche ferm\u00e9 29.12.2025 Lundi ouvert 30.12.2025 Mardi... weiterlesen","og_url":"https:\/\/www.leu-anlagenbau.ch\/fr\/heures-douverture\/","og_site_name":"LEU Anlagenbau AG","article_modified_time":"2025-12-22T13:02:31+00:00","twitter_card":"summary_large_image","twitter_misc":{"Dur\u00e9e de lecture estim\u00e9e":"1 minute"},"schema":{"@context":"https:\/\/schema.org","@graph":[{"@type":"WebPage","@id":"https:\/\/www.leu-anlagenbau.ch\/fr\/heures-douverture\/","url":"https:\/\/www.leu-anlagenbau.ch\/fr\/heures-douverture\/","name":"LEU Anlagenbau AG - Heures d'ouverture","isPartOf":{"@id":"https:\/\/www.leu-anlagenbau.ch\/#website"},"datePublished":"2022-06-23T13:05:30+00:00","dateModified":"2025-12-22T13:02:31+00:00","breadcrumb":{"@id":"https:\/\/www.leu-anlagenbau.ch\/fr\/heures-douverture\/#breadcrumb"},"inLanguage":"fr-FR","potentialAction":[{"@type":"ReadAction","target":["https:\/\/www.leu-anlagenbau.ch\/fr\/heures-douverture\/"]}]},{"@type":"BreadcrumbList","@id":"https:\/\/www.leu-anlagenbau.ch\/fr\/heures-douverture\/#breadcrumb","itemListElement":[{"@type":"ListItem","position":1,"name":"Home","item":"https:\/\/www.leu-anlagenbau.ch\/fr\/"},{"@type":"ListItem","position":2,"name":"Heures d&#8217;ouverture"}]},{"@type":"WebSite","@id":"https:\/\/www.leu-anlagenbau.ch\/#website","url":"https:\/\/www.leu-anlagenbau.ch\/","name":"LEU Anlagenbau AG","description":"","potentialAction":[{"@type":"SearchAction","target":{"@type":"EntryPoint","urlTemplate":"https:\/\/www.leu-anlagenbau.ch\/?s={search_term_string}"},"query-input":{"@type":"PropertyValueSpecification","valueRequired":true,"valueName":"search_term_string"}}],"inLanguage":"fr-FR"}]}},"_links":{"self":[{"href":"https:\/\/www.leu-anlagenbau.ch\/fr\/wp-json\/wp\/v2\/pages\/4728","targetHints":{"allow":["GET"]}}],"collection":[{"href":"https:\/\/www.leu-anlagenbau.ch\/fr\/wp-json\/wp\/v2\/pages"}],"about":[{"href":"https:\/\/www.leu-anlagenbau.ch\/fr\/wp-json\/wp\/v2\/types\/page"}],"author":[{"embeddable":true,"href":"https:\/\/www.leu-anlagenbau.ch\/fr\/wp-json\/wp\/v2\/users\/2"}],"replies":[{"embeddable":true,"href":"https:\/\/www.leu-anlagenbau.ch\/fr\/wp-json\/wp\/v2\/comments?post=4728"}],"version-history":[{"count":32,"href":"https:\/\/www.leu-anlagenbau.ch\/fr\/wp-json\/wp\/v2\/pages\/4728\/revisions"}],"predecessor-version":[{"id":6627,"href":"https:\/\/www.leu-anlagenbau.ch\/fr\/wp-json\/wp\/v2\/pages\/4728\/revisions\/6627"}],"wp:attachment":[{"href":"https:\/\/www.leu-anlagenbau.ch\/fr\/wp-json\/wp\/v2\/media?parent=4728"}],"curies":[{"name":"wp","href":"https:\/\/api.w.org\/{rel}","templated":true}]}}